{"id":138,"date":"2025-08-11T12:38:56","date_gmt":"2025-08-11T12:38:56","guid":{"rendered":"https:\/\/sohnle-bedachungen.de\/?page_id=138"},"modified":"2025-08-14T13:30:28","modified_gmt":"2025-08-14T13:30:28","slug":"ueber-uns","status":"publish","type":"page","link":"https:\/\/sohnle-bedachungen.de\/index.php\/ueber-uns\/","title":{"rendered":"\u00dcber uns"},"content":{"rendered":"\t\t<div data-elementor-type=\"wp-page\" data-elementor-id=\"138\" class=\"elementor elementor-138\" data-elementor-post-type=\"page\">\n\t\t\t\t<div class=\"elementor-element elementor-element-779cfcfa e-flex e-con-boxed e-con e-parent\" data-id=\"779cfcfa\" data-element_type=\"container\" data-e-type=\"container\">\n\t\t\t\t\t<div class=\"e-con-inner\">\n\t\t<div class=\"elementor-element elementor-element-312f32e2 e-con-full e-flex e-con e-child\" data-id=\"312f32e2\" data-element_type=\"container\" data-e-type=\"container\">\n\t\t\t\t<div class=\"elementor-element elementor-element-1a5a0160 elementor-widget__width-auto animated-slow elementor-hidden-tablet_extra elementor-hidden-tablet elementor-hidden-mobile_extra elementor-hidden-mobile elementor-invisible elementor-widget elementor-widget-image\" data-id=\"1a5a0160\" data-element_type=\"widget\" data-e-type=\"widget\" data-settings=\"{&quot;_animation&quot;:&quot;zoomIn&quot;}\" data-widget_type=\"image.default\">\n\t\t\t\t\t\t\t\t\t\t\t\t\t\t\t<img fetchpriority=\"high\" decoding=\"async\" width=\"700\" height=\"525\" src=\"https:\/\/sohnle-bedachungen.de\/wp-content\/uploads\/2025\/08\/pic_geschichte_big.jpg\" class=\"attachment-large size-large wp-image-509\" alt=\"\" srcset=\"https:\/\/sohnle-bedachungen.de\/wp-content\/uploads\/2025\/08\/pic_geschichte_big.jpg 700w, https:\/\/sohnle-bedachungen.de\/wp-content\/uploads\/2025\/08\/pic_geschichte_big-300x225.jpg 300w\" sizes=\"(max-width: 700px) 100vw, 700px\" \/>\t\t\t\t\t\t\t\t\t\t\t\t\t\t\t<\/div>\n\t\t\t\t<\/div>\n\t\t<div class=\"elementor-element elementor-element-33e6c410 e-con-full e-flex e-con e-child\" data-id=\"33e6c410\" data-element_type=\"container\" data-e-type=\"container\">\n\t\t\t\t<div class=\"elementor-element elementor-element-668f9df5 elementor-widget elementor-widget-heading\" data-id=\"668f9df5\" data-element_type=\"widget\" data-e-type=\"widget\" data-widget_type=\"heading.default\">\n\t\t\t\t\t<h1 class=\"elementor-heading-title elementor-size-default\">Tradition trifft Innovation <\/h1>\t\t\t\t<\/div>\n\t\t\t\t<div class=\"elementor-element elementor-element-5fb9db3f elementor-widget elementor-widget-text-editor\" data-id=\"5fb9db3f\" data-element_type=\"widget\" data-e-type=\"widget\" data-widget_type=\"text-editor.default\">\n\t\t\t\t\t\t\t\t\t<p>Was 1983 mit einer Vision von Uwe Sohnle begann, ist heute ein leistungsstarker Dachdecker-Meisterbetrieb mit einem starken Team und modernster Technik. Wir verbinden jahrzehntelange Erfahrung mit innovativen L\u00f6sungen \u2013 immer mit dem Ziel, Ihnen ein perfektes Ergebnis zu liefern.<\/p>\t\t\t\t\t\t\t\t<\/div>\n\t\t\t\t<div class=\"elementor-element elementor-element-39b35e9 elementor-widget elementor-widget-heading\" data-id=\"39b35e9\" data-element_type=\"widget\" data-e-type=\"widget\" data-widget_type=\"heading.default\">\n\t\t\t\t\t<h2 class=\"elementor-heading-title elementor-size-default\">Unsere Geschichte<\/h2>\t\t\t\t<\/div>\n\t\t\t\t<div class=\"elementor-element elementor-element-dc5e141 elementor-widget elementor-widget-text-editor\" data-id=\"dc5e141\" data-element_type=\"widget\" data-e-type=\"widget\" data-widget_type=\"text-editor.default\">\n\t\t\t\t\t\t\t\t\t<p>1983 gr\u00fcndete Uwe Sohnle das Unternehmen als Einzelbetrieb. Mit Flei\u00df, Qualit\u00e4t und vielen Empfehlungen wuchs der Kundenstamm schnell. 1986 kam der heutige Gesch\u00e4ftsf\u00fchrer Sascha Sohnle dazu \u2013 erst als Auszubildender, sp\u00e4ter als Geselle und Meister.<br data-start=\"2900\" data-end=\"2903\" \/>1998 folgte die Umfirmierung zur <strong data-start=\"2936\" data-end=\"2963\">Sohnle-Bedachungen GmbH<\/strong> und 2001 der Umzug in unsere heutigen R\u00e4ume am M\u00fchlenweg 75 \u2013 mit gro\u00dfem Lager, moderner Werkstatt und Freifl\u00e4chen.<\/p>\t\t\t\t\t\t\t\t<\/div>\n\t\t\t\t<\/div>\n\t\t\t\t\t<\/div>\n\t\t\t\t<\/div>\n\t\t<div class=\"elementor-element elementor-element-16e509d e-con-full e-flex e-con e-parent\" data-id=\"16e509d\" data-element_type=\"container\" data-e-type=\"container\" data-settings=\"{&quot;background_background&quot;:&quot;classic&quot;}\">\n\t\t<div class=\"elementor-element elementor-element-750dc7a2 e-con-full e-flex e-con e-child\" data-id=\"750dc7a2\" data-element_type=\"container\" data-e-type=\"container\" data-settings=\"{&quot;background_background&quot;:&quot;classic&quot;}\">\n\t\t<div class=\"elementor-element elementor-element-2aa78d2d e-con-full e-flex e-con e-child\" data-id=\"2aa78d2d\" data-element_type=\"container\" data-e-type=\"container\">\n\t\t<div class=\"elementor-element elementor-element-60d4eb0a e-con-full e-flex e-con e-child\" data-id=\"60d4eb0a\" data-element_type=\"container\" data-e-type=\"container\">\n\t\t\t\t<div class=\"elementor-element elementor-element-35a45ca5 elementor-widget elementor-widget-heading\" data-id=\"35a45ca5\" data-element_type=\"widget\" data-e-type=\"widget\" data-widget_type=\"heading.default\">\n\t\t\t\t\t<h2 class=\"elementor-heading-title elementor-size-default\">Unsere Ausstattung<br>modern &amp; Flexibel<\/h2>\t\t\t\t<\/div>\n\t\t\t\t<div class=\"elementor-element elementor-element-3f3c430 elementor-widget elementor-widget-text-editor\" data-id=\"3f3c430\" data-element_type=\"widget\" data-e-type=\"widget\" data-widget_type=\"text-editor.default\">\n\t\t\t\t\t\t\t\t\t<p>Mit unserem eigenen Fuhrpark und Maschinenpark k\u00f6nnen wir jedes Projekt flexibel umsetzen \u2013 vom kleinen Reparaturauftrag bis zur komplexen Dachsanierung.<\/p><p>Diese Ausstattung erm\u00f6glicht es uns, auch kurzfristig zu reagieren und Ihnen beste Qualit\u00e4t zu liefern.<\/p>\t\t\t\t\t\t\t\t<\/div>\n\t\t\t\t<\/div>\n\t\t<div class=\"elementor-element elementor-element-2377d7c7 e-con-full e-flex e-con e-child\" data-id=\"2377d7c7\" data-element_type=\"container\" data-e-type=\"container\">\n\t\t\t\t<div class=\"elementor-element elementor-element-5cda9b31 animated-slow elementor-icon-list--layout-traditional elementor-list-item-link-full_width elementor-invisible elementor-widget elementor-widget-icon-list\" data-id=\"5cda9b31\" data-element_type=\"widget\" data-e-type=\"widget\" data-settings=\"{&quot;_animation&quot;:&quot;zoomIn&quot;}\" data-widget_type=\"icon-list.default\">\n\t\t\t\t\t\t\t<ul class=\"elementor-icon-list-items\">\n\t\t\t\t\t\t\t<li class=\"elementor-icon-list-item\">\n\t\t\t\t\t\t\t\t\t\t\t<span class=\"elementor-icon-list-icon\">\n\t\t\t\t\t\t\t<i aria-hidden=\"true\" class=\"icon icon-check\"><\/i>\t\t\t\t\t\t<\/span>\n\t\t\t\t\t\t\t\t\t\t<span class=\"elementor-icon-list-text\">Arbeitskran bis  47m H\u00f6he<\/span>\n\t\t\t\t\t\t\t\t\t<\/li>\n\t\t\t\t\t\t<\/ul>\n\t\t\t\t\t\t<\/div>\n\t\t\t\t<div class=\"elementor-element elementor-element-4946b614 animated-slow elementor-icon-list--layout-traditional elementor-list-item-link-full_width elementor-invisible elementor-widget elementor-widget-icon-list\" data-id=\"4946b614\" data-element_type=\"widget\" data-e-type=\"widget\" data-settings=\"{&quot;_animation&quot;:&quot;zoomIn&quot;}\" data-widget_type=\"icon-list.default\">\n\t\t\t\t\t\t\t<ul class=\"elementor-icon-list-items\">\n\t\t\t\t\t\t\t<li class=\"elementor-icon-list-item\">\n\t\t\t\t\t\t\t\t\t\t\t<span class=\"elementor-icon-list-icon\">\n\t\t\t\t\t\t\t<i aria-hidden=\"true\" class=\"icon icon-check\"><\/i>\t\t\t\t\t\t<\/span>\n\t\t\t\t\t\t\t\t\t\t<span class=\"elementor-icon-list-text\">Alu-Schr\u00e4gaufzug bis 16 m<\/span>\n\t\t\t\t\t\t\t\t\t<\/li>\n\t\t\t\t\t\t<\/ul>\n\t\t\t\t\t\t<\/div>\n\t\t\t\t<div class=\"elementor-element elementor-element-6847ef9b animated-slow elementor-icon-list--layout-traditional elementor-list-item-link-full_width elementor-invisible elementor-widget elementor-widget-icon-list\" data-id=\"6847ef9b\" data-element_type=\"widget\" data-e-type=\"widget\" data-settings=\"{&quot;_animation&quot;:&quot;zoomIn&quot;}\" data-widget_type=\"icon-list.default\">\n\t\t\t\t\t\t\t<ul class=\"elementor-icon-list-items\">\n\t\t\t\t\t\t\t<li class=\"elementor-icon-list-item\">\n\t\t\t\t\t\t\t\t\t\t\t<span class=\"elementor-icon-list-icon\">\n\t\t\t\t\t\t\t<i aria-hidden=\"true\" class=\"icon icon-check\"><\/i>\t\t\t\t\t\t<\/span>\n\t\t\t\t\t\t\t\t\t\t<span class=\"elementor-icon-list-text\">Umfangreiche Ger\u00fcstsysteme<\/span>\n\t\t\t\t\t\t\t\t\t<\/li>\n\t\t\t\t\t\t<\/ul>\n\t\t\t\t\t\t<\/div>\n\t\t\t\t<div class=\"elementor-element elementor-element-0b17025 animated-slow elementor-icon-list--layout-traditional elementor-list-item-link-full_width elementor-invisible elementor-widget elementor-widget-icon-list\" data-id=\"0b17025\" data-element_type=\"widget\" data-e-type=\"widget\" data-settings=\"{&quot;_animation&quot;:&quot;zoomIn&quot;}\" data-widget_type=\"icon-list.default\">\n\t\t\t\t\t\t\t<ul class=\"elementor-icon-list-items\">\n\t\t\t\t\t\t\t<li class=\"elementor-icon-list-item\">\n\t\t\t\t\t\t\t\t\t\t\t<span class=\"elementor-icon-list-icon\">\n\t\t\t\t\t\t\t<i aria-hidden=\"true\" class=\"icon icon-check\"><\/i>\t\t\t\t\t\t<\/span>\n\t\t\t\t\t\t\t\t\t\t<span class=\"elementor-icon-list-text\">Eigene Bauklempnerei f\u00fcr Metallarbeiten aus Zink, Kupfer und Aluminium<\/span>\n\t\t\t\t\t\t\t\t\t<\/li>\n\t\t\t\t\t\t<\/ul>\n\t\t\t\t\t\t<\/div>\n\t\t\t\t<\/div>\n\t\t\t\t<\/div>\n\t\t\t\t<\/div>\n\t\t\t\t<\/div>\n\t\t<div class=\"elementor-element elementor-element-85cf5ea e-con-full e-flex e-con e-parent\" data-id=\"85cf5ea\" data-element_type=\"container\" data-e-type=\"container\" data-settings=\"{&quot;background_background&quot;:&quot;classic&quot;}\">\n\t\t<div class=\"elementor-element elementor-element-ab3a845 e-con-full e-flex e-con e-child\" data-id=\"ab3a845\" data-element_type=\"container\" data-e-type=\"container\" data-settings=\"{&quot;background_background&quot;:&quot;classic&quot;}\">\n\t\t<div class=\"elementor-element elementor-element-ed49438 e-con-full e-flex e-con e-child\" data-id=\"ed49438\" data-element_type=\"container\" data-e-type=\"container\">\n\t\t<div class=\"elementor-element elementor-element-5fac463 e-con-full e-flex e-con e-child\" data-id=\"5fac463\" data-element_type=\"container\" data-e-type=\"container\">\n\t\t\t\t<div class=\"elementor-element elementor-element-ecf5ccb elementor-widget elementor-widget-heading\" data-id=\"ecf5ccb\" data-element_type=\"widget\" data-e-type=\"widget\" data-widget_type=\"heading.default\">\n\t\t\t\t\t<h3 class=\"elementor-heading-title elementor-size-default\">Unser Anspruch:\n<br>Qualit\u00e4t die bleibt<\/h3>\t\t\t\t<\/div>\n\t\t\t\t<\/div>\n\t\t<div class=\"elementor-element elementor-element-b8785e1 e-con-full e-flex e-con e-child\" data-id=\"b8785e1\" data-element_type=\"container\" data-e-type=\"container\">\n\t\t\t\t<div class=\"elementor-element elementor-element-932ae80 elementor-widget elementor-widget-text-editor\" data-id=\"932ae80\" data-element_type=\"widget\" data-e-type=\"widget\" data-widget_type=\"text-editor.default\">\n\t\t\t\t\t\t\t\t\t<p class=\"MsoNormal\">Als Dachdecker in Wilhelmshaven ist es unser Ziel, Ihnen langlebige, funktionale und optisch ansprechende D\u00e4cher und Fassaden zu bieten. Wir arbeiten ausschlie\u00dflich mit hochwertigen Materialien, achten auf pr\u00e4zise Verarbeitung und bieten Ihnen eine pers\u00f6nliche, transparente Beratung.<\/p>\t\t\t\t\t\t\t\t<\/div>\n\t\t\t\t<div class=\"elementor-element elementor-element-62551b1 elementor-align-center elementor-widget elementor-widget-elementskit-button\" data-id=\"62551b1\" data-element_type=\"widget\" data-e-type=\"widget\" data-widget_type=\"elementskit-button.default\">\n\t\t\t\t\t<div class=\"ekit-wid-con\" >\t\t<div class=\"ekit-btn-wraper\">\n\t\t\t\t\t\t\t<a href=\"#kontakt\" class=\"elementskit-btn  whitespace--normal\" id=\"\">\n\t\t\t\t\tJetzt Kontakt aufnehmen\t\t\t\t<\/a>\n\t\t\t\t\t<\/div>\n        <\/div>\t\t\t\t<\/div>\n\t\t\t\t<\/div>\n\t\t\t\t<\/div>\n\t\t\t\t<\/div>\n\t\t\t\t<\/div>\n\t\t\t\t<\/div>\n\t\t\n    <div class=\"xs_social_share_widget xs_share_url after_content \t\tmain_content  wslu-style-1 wslu-share-box-shaped wslu-fill-colored wslu-none wslu-share-horizontal wslu-theme-font-no wslu-main_content\">\n\n\t\t\n        <ul>\n\t\t\t        <\/ul>\n    <\/div> \n","protected":false},"excerpt":{"rendered":"<p>Tradition trifft Innovation Was 1983 mit einer Vision von Uwe Sohnle begann, ist heute ein leistungsstarker Dachdecker-Meisterbetrieb mit einem starken Team und modernster Technik. Wir verbinden jahrzehntelange Erfahrung mit innovativen L\u00f6sungen \u2013 immer mit dem Ziel, Ihnen ein perfektes Ergebnis zu liefern. Unsere Geschichte 1983 gr\u00fcndete Uwe Sohnle das Unternehmen als Einzelbetrieb. Mit Flei\u00df, Qualit\u00e4t [&hellip;]<\/p>\n","protected":false},"author":1,"featured_media":0,"parent":0,"menu_order":0,"comment_status":"closed","ping_status":"closed","template":"","meta":{"postBodyCss":"","postBodyMargin":[],"postBodyPadding":[],"postBodyBackground":{"backgroundType":"classic","gradient":""},"footnotes":""},"class_list":["post-138","page","type-page","status-publish","hentry"],"yoast_head":"<!-- This site is optimized with the Yoast SEO plugin v27.4 - https:\/\/yoast.com\/product\/yoast-seo-wordpress\/ -->\n<title>\u00dcber uns -<\/title>\n<meta name=\"robots\" content=\"index, follow, max-snippet:-1, max-image-preview:large, max-video-preview:-1\" \/>\n<link rel=\"canonical\" href=\"https:\/\/sohnle-bedachungen.de\/index.php\/ueber-uns\/\" \/>\n<meta property=\"og:locale\" content=\"de_DE\" \/>\n<meta property=\"og:type\" content=\"article\" \/>\n<meta property=\"og:title\" content=\"\u00dcber uns -\" \/>\n<meta property=\"og:description\" content=\"Tradition trifft Innovation Was 1983 mit einer Vision von Uwe Sohnle begann, ist heute ein leistungsstarker Dachdecker-Meisterbetrieb mit einem starken Team und modernster Technik. Wir verbinden jahrzehntelange Erfahrung mit innovativen L\u00f6sungen \u2013 immer mit dem Ziel, Ihnen ein perfektes Ergebnis zu liefern. Unsere Geschichte 1983 gr\u00fcndete Uwe Sohnle das Unternehmen als Einzelbetrieb. Mit Flei\u00df, Qualit\u00e4t [&hellip;]\" \/>\n<meta property=\"og:url\" content=\"https:\/\/sohnle-bedachungen.de\/index.php\/ueber-uns\/\" \/>\n<meta property=\"article:modified_time\" content=\"2025-08-14T13:30:28+00:00\" \/>\n<meta property=\"og:image\" content=\"https:\/\/sohnle-bedachungen.de\/wp-content\/uploads\/2025\/08\/pic_geschichte_big.jpg\" \/>\n\t<meta property=\"og:image:width\" content=\"700\" \/>\n\t<meta property=\"og:image:height\" content=\"525\" \/>\n\t<meta property=\"og:image:type\" content=\"image\/jpeg\" \/>\n<meta name=\"twitter:card\" content=\"summary_large_image\" \/>\n<meta name=\"twitter:label1\" content=\"Gesch\u00e4tzte Lesezeit\" \/>\n\t<meta name=\"twitter:data1\" content=\"1\u00a0Minute\" \/>\n<script type=\"application\/ld+json\" class=\"yoast-schema-graph\">{\"@context\":\"https:\\\/\\\/schema.org\",\"@graph\":[{\"@type\":\"WebPage\",\"@id\":\"https:\\\/\\\/sohnle-bedachungen.de\\\/index.php\\\/ueber-uns\\\/\",\"url\":\"https:\\\/\\\/sohnle-bedachungen.de\\\/index.php\\\/ueber-uns\\\/\",\"name\":\"\u00dcber uns -\",\"isPartOf\":{\"@id\":\"https:\\\/\\\/sohnle-bedachungen.de\\\/#website\"},\"primaryImageOfPage\":{\"@id\":\"https:\\\/\\\/sohnle-bedachungen.de\\\/index.php\\\/ueber-uns\\\/#primaryimage\"},\"image\":{\"@id\":\"https:\\\/\\\/sohnle-bedachungen.de\\\/index.php\\\/ueber-uns\\\/#primaryimage\"},\"thumbnailUrl\":\"https:\\\/\\\/sohnle-bedachungen.de\\\/wp-content\\\/uploads\\\/2025\\\/08\\\/pic_geschichte_big.jpg\",\"datePublished\":\"2025-08-11T12:38:56+00:00\",\"dateModified\":\"2025-08-14T13:30:28+00:00\",\"breadcrumb\":{\"@id\":\"https:\\\/\\\/sohnle-bedachungen.de\\\/index.php\\\/ueber-uns\\\/#breadcrumb\"},\"inLanguage\":\"de\",\"potentialAction\":[{\"@type\":\"ReadAction\",\"target\":[\"https:\\\/\\\/sohnle-bedachungen.de\\\/index.php\\\/ueber-uns\\\/\"]}]},{\"@type\":\"ImageObject\",\"inLanguage\":\"de\",\"@id\":\"https:\\\/\\\/sohnle-bedachungen.de\\\/index.php\\\/ueber-uns\\\/#primaryimage\",\"url\":\"https:\\\/\\\/sohnle-bedachungen.de\\\/wp-content\\\/uploads\\\/2025\\\/08\\\/pic_geschichte_big.jpg\",\"contentUrl\":\"https:\\\/\\\/sohnle-bedachungen.de\\\/wp-content\\\/uploads\\\/2025\\\/08\\\/pic_geschichte_big.jpg\",\"width\":700,\"height\":525},{\"@type\":\"BreadcrumbList\",\"@id\":\"https:\\\/\\\/sohnle-bedachungen.de\\\/index.php\\\/ueber-uns\\\/#breadcrumb\",\"itemListElement\":[{\"@type\":\"ListItem\",\"position\":1,\"name\":\"Startseite\",\"item\":\"https:\\\/\\\/sohnle-bedachungen.de\\\/\"},{\"@type\":\"ListItem\",\"position\":2,\"name\":\"\u00dcber uns\"}]},{\"@type\":\"WebSite\",\"@id\":\"https:\\\/\\\/sohnle-bedachungen.de\\\/#website\",\"url\":\"https:\\\/\\\/sohnle-bedachungen.de\\\/\",\"name\":\"\",\"description\":\"\",\"potentialAction\":[{\"@type\":\"SearchAction\",\"target\":{\"@type\":\"EntryPoint\",\"urlTemplate\":\"https:\\\/\\\/sohnle-bedachungen.de\\\/?s={search_term_string}\"},\"query-input\":{\"@type\":\"PropertyValueSpecification\",\"valueRequired\":true,\"valueName\":\"search_term_string\"}}],\"inLanguage\":\"de\"}]}<\/script>\n<!-- \/ Yoast SEO plugin. -->","yoast_head_json":{"title":"\u00dcber uns -","robots":{"index":"index","follow":"follow","max-snippet":"max-snippet:-1","max-image-preview":"max-image-preview:large","max-video-preview":"max-video-preview:-1"},"canonical":"https:\/\/sohnle-bedachungen.de\/index.php\/ueber-uns\/","og_locale":"de_DE","og_type":"article","og_title":"\u00dcber uns -","og_description":"Tradition trifft Innovation Was 1983 mit einer Vision von Uwe Sohnle begann, ist heute ein leistungsstarker Dachdecker-Meisterbetrieb mit einem starken Team und modernster Technik. Wir verbinden jahrzehntelange Erfahrung mit innovativen L\u00f6sungen \u2013 immer mit dem Ziel, Ihnen ein perfektes Ergebnis zu liefern. Unsere Geschichte 1983 gr\u00fcndete Uwe Sohnle das Unternehmen als Einzelbetrieb. Mit Flei\u00df, Qualit\u00e4t [&hellip;]","og_url":"https:\/\/sohnle-bedachungen.de\/index.php\/ueber-uns\/","article_modified_time":"2025-08-14T13:30:28+00:00","og_image":[{"width":700,"height":525,"url":"https:\/\/sohnle-bedachungen.de\/wp-content\/uploads\/2025\/08\/pic_geschichte_big.jpg","type":"image\/jpeg"}],"twitter_card":"summary_large_image","twitter_misc":{"Gesch\u00e4tzte Lesezeit":"1\u00a0Minute"},"schema":{"@context":"https:\/\/schema.org","@graph":[{"@type":"WebPage","@id":"https:\/\/sohnle-bedachungen.de\/index.php\/ueber-uns\/","url":"https:\/\/sohnle-bedachungen.de\/index.php\/ueber-uns\/","name":"\u00dcber uns -","isPartOf":{"@id":"https:\/\/sohnle-bedachungen.de\/#website"},"primaryImageOfPage":{"@id":"https:\/\/sohnle-bedachungen.de\/index.php\/ueber-uns\/#primaryimage"},"image":{"@id":"https:\/\/sohnle-bedachungen.de\/index.php\/ueber-uns\/#primaryimage"},"thumbnailUrl":"https:\/\/sohnle-bedachungen.de\/wp-content\/uploads\/2025\/08\/pic_geschichte_big.jpg","datePublished":"2025-08-11T12:38:56+00:00","dateModified":"2025-08-14T13:30:28+00:00","breadcrumb":{"@id":"https:\/\/sohnle-bedachungen.de\/index.php\/ueber-uns\/#breadcrumb"},"inLanguage":"de","potentialAction":[{"@type":"ReadAction","target":["https:\/\/sohnle-bedachungen.de\/index.php\/ueber-uns\/"]}]},{"@type":"ImageObject","inLanguage":"de","@id":"https:\/\/sohnle-bedachungen.de\/index.php\/ueber-uns\/#primaryimage","url":"https:\/\/sohnle-bedachungen.de\/wp-content\/uploads\/2025\/08\/pic_geschichte_big.jpg","contentUrl":"https:\/\/sohnle-bedachungen.de\/wp-content\/uploads\/2025\/08\/pic_geschichte_big.jpg","width":700,"height":525},{"@type":"BreadcrumbList","@id":"https:\/\/sohnle-bedachungen.de\/index.php\/ueber-uns\/#breadcrumb","itemListElement":[{"@type":"ListItem","position":1,"name":"Startseite","item":"https:\/\/sohnle-bedachungen.de\/"},{"@type":"ListItem","position":2,"name":"\u00dcber uns"}]},{"@type":"WebSite","@id":"https:\/\/sohnle-bedachungen.de\/#website","url":"https:\/\/sohnle-bedachungen.de\/","name":"","description":"","potentialAction":[{"@type":"SearchAction","target":{"@type":"EntryPoint","urlTemplate":"https:\/\/sohnle-bedachungen.de\/?s={search_term_string}"},"query-input":{"@type":"PropertyValueSpecification","valueRequired":true,"valueName":"search_term_string"}}],"inLanguage":"de"}]}},"_links":{"self":[{"href":"https:\/\/sohnle-bedachungen.de\/index.php\/wp-json\/wp\/v2\/pages\/138","targetHints":{"allow":["GET"]}}],"collection":[{"href":"https:\/\/sohnle-bedachungen.de\/index.php\/wp-json\/wp\/v2\/pages"}],"about":[{"href":"https:\/\/sohnle-bedachungen.de\/index.php\/wp-json\/wp\/v2\/types\/page"}],"author":[{"embeddable":true,"href":"https:\/\/sohnle-bedachungen.de\/index.php\/wp-json\/wp\/v2\/users\/1"}],"replies":[{"embeddable":true,"href":"https:\/\/sohnle-bedachungen.de\/index.php\/wp-json\/wp\/v2\/comments?post=138"}],"version-history":[{"count":58,"href":"https:\/\/sohnle-bedachungen.de\/index.php\/wp-json\/wp\/v2\/pages\/138\/revisions"}],"predecessor-version":[{"id":515,"href":"https:\/\/sohnle-bedachungen.de\/index.php\/wp-json\/wp\/v2\/pages\/138\/revisions\/515"}],"wp:attachment":[{"href":"https:\/\/sohnle-bedachungen.de\/index.php\/wp-json\/wp\/v2\/media?parent=138"}],"curies":[{"name":"wp","href":"https:\/\/api.w.org\/{rel}","templated":true}]}}