{"id":151,"date":"2025-08-11T14:57:40","date_gmt":"2025-08-11T14:57:40","guid":{"rendered":"https:\/\/sohnle-bedachungen.de\/?page_id=151"},"modified":"2025-08-14T13:37:25","modified_gmt":"2025-08-14T13:37:25","slug":"flachdach","status":"publish","type":"page","link":"https:\/\/sohnle-bedachungen.de\/index.php\/flachdach\/","title":{"rendered":"Flachdach"},"content":{"rendered":"\t\t<div data-elementor-type=\"wp-page\" data-elementor-id=\"151\" class=\"elementor elementor-151\" data-elementor-post-type=\"page\">\n\t\t\t\t<div class=\"elementor-element elementor-element-2662cfd6 e-flex e-con-boxed e-con e-parent\" data-id=\"2662cfd6\" data-element_type=\"container\" data-e-type=\"container\">\n\t\t\t\t\t<div class=\"e-con-inner\">\n\t\t<div class=\"elementor-element elementor-element-2aaa5ff3 e-con-full e-flex e-con e-child\" data-id=\"2aaa5ff3\" data-element_type=\"container\" data-e-type=\"container\">\n\t\t\t\t<div class=\"elementor-element elementor-element-5d5983e9 elementor-widget elementor-widget-heading\" data-id=\"5d5983e9\" data-element_type=\"widget\" data-e-type=\"widget\" data-widget_type=\"heading.default\">\n\t\t\t\t\t<h1 class=\"elementor-heading-title elementor-size-default\">Flachd\u00e4cher in Wilhelmshaven \u2013 langlebig, dicht und modern<\/h1>\t\t\t\t<\/div>\n\t\t\t\t<div class=\"elementor-element elementor-element-0c19cb4 elementor-widget elementor-widget-text-editor\" data-id=\"0c19cb4\" data-element_type=\"widget\" data-e-type=\"widget\" data-widget_type=\"text-editor.default\">\n\t\t\t\t\t\t\t\t\t<p>Ein <strong data-start=\"866\" data-end=\"879\">Flachdach<\/strong> ist mehr als nur eine funktionale Dachform \u2013 es bietet vielf\u00e4ltige Gestaltungsm\u00f6glichkeiten und ist bei fachgerechter Ausf\u00fchrung extrem langlebig. Als erfahrener <strong data-start=\"1042\" data-end=\"1080\">Dachdecker-Meisterbetrieb in Wilhemshaven\/Friesland<\/strong>\u00a0realisieren wir Flachdach-Neubauten und Sanierungen mit h\u00f6chster Pr\u00e4zision. Von der <strong data-start=\"1165\" data-end=\"1181\">W\u00e4rmed\u00e4mmung<\/strong> nach <strong data-start=\"1187\" data-end=\"1195\">EnEV<\/strong> oder <strong data-start=\"1201\" data-end=\"1208\">KfW<\/strong> \u00fcber hochwertige Abdichtungssysteme bis hin zur attraktiven <strong data-start=\"1269\" data-end=\"1291\">Flachdachbegr\u00fcnung<\/strong> bieten wir Ihnen alles aus einer Hand.<\/p>\t\t\t\t\t\t\t\t<\/div>\n\t\t\t\t<div class=\"elementor-element elementor-element-5dc1dece elementor-widget elementor-widget-heading\" data-id=\"5dc1dece\" data-element_type=\"widget\" data-e-type=\"widget\" data-widget_type=\"heading.default\">\n\t\t\t\t\t<h2 class=\"elementor-heading-title elementor-size-default\">Warum ein Flachdach vom Meisterbetrieb?<\/h2>\t\t\t\t<\/div>\n\t\t\t\t<div class=\"elementor-element elementor-element-24659928 elementor-widget elementor-widget-text-editor\" data-id=\"24659928\" data-element_type=\"widget\" data-e-type=\"widget\" data-widget_type=\"text-editor.default\">\n\t\t\t\t\t\t\t\t\t<p>Ein professionell ausgef\u00fchrtes Flachdach vereint Funktionalit\u00e4t und Design. Unsere erfahrenen Dachdeckermeister kennen die Herausforderungen dieser Dachform \u2013 von der korrekten Gef\u00e4llegebung bis zur fachgerechten Entw\u00e4sserung. So vermeiden wir Folgesch\u00e4den und sichern Ihnen eine lange Lebensdauer.<\/p>\t\t\t\t\t\t\t\t<\/div>\n\t\t\t\t<\/div>\n\t\t<div class=\"elementor-element elementor-element-75b349cf e-con-full e-flex e-con e-child\" data-id=\"75b349cf\" data-element_type=\"container\" data-e-type=\"container\">\n\t\t\t\t<div class=\"elementor-element elementor-element-55dbedb elementor-widget__width-auto elementor-widget-mobile__width-inherit elementor-invisible elementor-widget elementor-widget-image\" data-id=\"55dbedb\" data-element_type=\"widget\" data-e-type=\"widget\" data-settings=\"{&quot;_animation&quot;:&quot;rotateInUpLeft&quot;}\" data-widget_type=\"image.default\">\n\t\t\t\t\t\t\t\t\t\t\t\t\t\t\t<img fetchpriority=\"high\" decoding=\"async\" width=\"800\" height=\"534\" src=\"https:\/\/sohnle-bedachungen.de\/wp-content\/uploads\/2025\/08\/AdobeStock_395714691-1024x683.jpeg\" class=\"attachment-large size-large wp-image-516\" alt=\"\" srcset=\"https:\/\/sohnle-bedachungen.de\/wp-content\/uploads\/2025\/08\/AdobeStock_395714691-1024x683.jpeg 1024w, https:\/\/sohnle-bedachungen.de\/wp-content\/uploads\/2025\/08\/AdobeStock_395714691-300x200.jpeg 300w, https:\/\/sohnle-bedachungen.de\/wp-content\/uploads\/2025\/08\/AdobeStock_395714691-768x512.jpeg 768w, https:\/\/sohnle-bedachungen.de\/wp-content\/uploads\/2025\/08\/AdobeStock_395714691-1536x1024.jpeg 1536w, https:\/\/sohnle-bedachungen.de\/wp-content\/uploads\/2025\/08\/AdobeStock_395714691-2048x1365.jpeg 2048w\" sizes=\"(max-width: 800px) 100vw, 800px\" \/>\t\t\t\t\t\t\t\t\t\t\t\t\t\t\t<\/div>\n\t\t\t\t<\/div>\n\t\t\t\t\t<\/div>\n\t\t\t\t<\/div>\n\t\t<div class=\"elementor-element elementor-element-3f4db1aa e-flex e-con-boxed e-con e-parent\" data-id=\"3f4db1aa\" data-element_type=\"container\" data-e-type=\"container\" data-settings=\"{&quot;background_background&quot;:&quot;classic&quot;}\">\n\t\t\t\t\t<div class=\"e-con-inner\">\n\t\t<div class=\"elementor-element elementor-element-6537bb02 e-con-full e-flex e-con e-child\" data-id=\"6537bb02\" data-element_type=\"container\" data-e-type=\"container\">\n\t\t<div class=\"elementor-element elementor-element-63c59432 e-flex e-con-boxed e-con e-child\" data-id=\"63c59432\" data-element_type=\"container\" data-e-type=\"container\">\n\t\t\t\t\t<div class=\"e-con-inner\">\n\t\t\t\t<div class=\"elementor-element elementor-element-3c55010c elementor-widget elementor-widget-heading\" data-id=\"3c55010c\" data-element_type=\"widget\" data-e-type=\"widget\" data-widget_type=\"heading.default\">\n\t\t\t\t\t<h2 class=\"elementor-heading-title elementor-size-default\">Unsere Leistungen rund ums Flachdach<\/h2>\t\t\t\t<\/div>\n\t\t\t\t\t<\/div>\n\t\t\t\t<\/div>\n\t\t\t\t<div class=\"elementor-element elementor-element-9fd4b29 elementor-widget elementor-widget-text-editor\" data-id=\"9fd4b29\" data-element_type=\"widget\" data-e-type=\"widget\" data-widget_type=\"text-editor.default\">\n\t\t\t\t\t\t\t\t\t<p>Wir verwenden ausschlie\u00dflich hochwertige Materialien und arbeiten mit modernen Abdichtungssystemen, um Ihr Flachdach dauerhaft vor Witterungseinfl\u00fcssen zu sch\u00fctzen.<\/p>\t\t\t\t\t\t\t\t<\/div>\n\t\t<div class=\"elementor-element elementor-element-54017020 e-con-full e-flex e-con e-child\" data-id=\"54017020\" data-element_type=\"container\" data-e-type=\"container\">\n\t\t<div class=\"elementor-element elementor-element-d48cc5a animated-slow e-con-full e-flex elementor-invisible e-con e-child\" data-id=\"d48cc5a\" data-element_type=\"container\" data-e-type=\"container\" data-settings=\"{&quot;background_background&quot;:&quot;classic&quot;,&quot;animation&quot;:&quot;zoomIn&quot;}\">\n\t\t\t\t<div class=\"elementor-element elementor-element-1bc2caa6 elementor-widget elementor-widget-heading\" data-id=\"1bc2caa6\" data-element_type=\"widget\" data-e-type=\"widget\" data-widget_type=\"heading.default\">\n\t\t\t\t\t<h4 class=\"elementor-heading-title elementor-size-default\">Flachdach <\/h4>\t\t\t\t<\/div>\n\t\t\t\t<div class=\"elementor-element elementor-element-0e5abff elementor-widget elementor-widget-heading\" data-id=\"0e5abff\" data-element_type=\"widget\" data-e-type=\"widget\" data-widget_type=\"heading.default\">\n\t\t\t\t\t<h4 class=\"elementor-heading-title elementor-size-default\">passgenaue Planung und Ausf\u00fchrung<\/h4>\t\t\t\t<\/div>\n\t\t\t\t<\/div>\n\t\t<div class=\"elementor-element elementor-element-1ce9f9b animated-slow e-con-full e-flex elementor-invisible e-con e-child\" data-id=\"1ce9f9b\" data-element_type=\"container\" data-e-type=\"container\" data-settings=\"{&quot;background_background&quot;:&quot;classic&quot;,&quot;animation&quot;:&quot;zoomIn&quot;}\">\n\t\t\t\t<div class=\"elementor-element elementor-element-93605 elementor-widget elementor-widget-heading\" data-id=\"93605\" data-element_type=\"widget\" data-e-type=\"widget\" data-widget_type=\"heading.default\">\n\t\t\t\t\t<h4 class=\"elementor-heading-title elementor-size-default\">Flachdachsanierung <\/h4>\t\t\t\t<\/div>\n\t\t\t\t<div class=\"elementor-element elementor-element-0f2ebf5 elementor-widget elementor-widget-heading\" data-id=\"0f2ebf5\" data-element_type=\"widget\" data-e-type=\"widget\" data-widget_type=\"heading.default\">\n\t\t\t\t\t<h4 class=\"elementor-heading-title elementor-size-default\">Abdichtung, W\u00e4rmed\u00e4mmung &amp; Modernisierung<\/h4>\t\t\t\t<\/div>\n\t\t\t\t<\/div>\n\t\t<div class=\"elementor-element elementor-element-4df06b59 animated-slow e-con-full e-flex elementor-invisible e-con e-child\" data-id=\"4df06b59\" data-element_type=\"container\" data-e-type=\"container\" data-settings=\"{&quot;background_background&quot;:&quot;classic&quot;,&quot;animation&quot;:&quot;zoomIn&quot;}\">\n\t\t\t\t<div class=\"elementor-element elementor-element-53950431 elementor-widget elementor-widget-heading\" data-id=\"53950431\" data-element_type=\"widget\" data-e-type=\"widget\" data-widget_type=\"heading.default\">\n\t\t\t\t\t<h4 class=\"elementor-heading-title elementor-size-default\">Dachbegr\u00fcnung<\/h4>\t\t\t\t<\/div>\n\t\t\t\t<div class=\"elementor-element elementor-element-4a4ea62 elementor-widget elementor-widget-heading\" data-id=\"4a4ea62\" data-element_type=\"widget\" data-e-type=\"widget\" data-widget_type=\"heading.default\">\n\t\t\t\t\t<h4 class=\"elementor-heading-title elementor-size-default\">\u00f6kologische und optische Aufwertung<\/h4>\t\t\t\t<\/div>\n\t\t\t\t<\/div>\n\t\t<div class=\"elementor-element elementor-element-3f981d6 animated-slow e-con-full e-flex elementor-invisible e-con e-child\" data-id=\"3f981d6\" data-element_type=\"container\" data-e-type=\"container\" data-settings=\"{&quot;background_background&quot;:&quot;classic&quot;,&quot;animation&quot;:&quot;zoomIn&quot;}\">\n\t\t\t\t<div class=\"elementor-element elementor-element-b3d8248 elementor-widget elementor-widget-heading\" data-id=\"b3d8248\" data-element_type=\"widget\" data-e-type=\"widget\" data-widget_type=\"heading.default\">\n\t\t\t\t\t<h4 class=\"elementor-heading-title elementor-size-default\">Balkonsanierung<\/h4>\t\t\t\t<\/div>\n\t\t\t\t<div class=\"elementor-element elementor-element-b8c9900 elementor-widget elementor-widget-heading\" data-id=\"b8c9900\" data-element_type=\"widget\" data-e-type=\"widget\" data-widget_type=\"heading.default\">\n\t\t\t\t\t<h4 class=\"elementor-heading-title elementor-size-default\">Abdichtung und Belagsarbeiten<\/h4>\t\t\t\t<\/div>\n\t\t\t\t<\/div>\n\t\t<div class=\"elementor-element elementor-element-94c56c0 animated-slow e-con-full e-flex elementor-invisible e-con e-child\" data-id=\"94c56c0\" data-element_type=\"container\" data-e-type=\"container\" data-settings=\"{&quot;background_background&quot;:&quot;classic&quot;,&quot;animation&quot;:&quot;zoomIn&quot;}\">\n\t\t\t\t<div class=\"elementor-element elementor-element-1e076cc2 elementor-widget elementor-widget-heading\" data-id=\"1e076cc2\" data-element_type=\"widget\" data-e-type=\"widget\" data-widget_type=\"heading.default\">\n\t\t\t\t\t<h4 class=\"elementor-heading-title elementor-size-default\">Klempnerarbeiten<\/h4>\t\t\t\t<\/div>\n\t\t\t\t<div class=\"elementor-element elementor-element-0a3d753 elementor-widget elementor-widget-heading\" data-id=\"0a3d753\" data-element_type=\"widget\" data-e-type=\"widget\" data-widget_type=\"heading.default\">\n\t\t\t\t\t<h4 class=\"elementor-heading-title elementor-size-default\">Dachrinnen, Blechabdeckungen, Wandverkleidungen<\/h4>\t\t\t\t<\/div>\n\t\t\t\t<\/div>\n\t\t\t\t<\/div>\n\t\t\t\t<\/div>\n\t\t\t\t\t<\/div>\n\t\t\t\t<\/div>\n\t\t<div class=\"elementor-element elementor-element-670006de e-flex e-con-boxed e-con e-parent\" data-id=\"670006de\" data-element_type=\"container\" data-e-type=\"container\" data-settings=\"{&quot;background_background&quot;:&quot;classic&quot;}\">\n\t\t\t\t\t<div class=\"e-con-inner\">\n\t\t<div class=\"elementor-element elementor-element-1edcdce e-flex e-con-boxed e-con e-child\" data-id=\"1edcdce\" data-element_type=\"container\" data-e-type=\"container\">\n\t\t\t\t\t<div class=\"e-con-inner\">\n\t\t<div class=\"elementor-element elementor-element-2e3dbc9 e-con-full e-flex e-con e-child\" data-id=\"2e3dbc9\" data-element_type=\"container\" data-e-type=\"container\">\n\t\t\t\t<div class=\"elementor-element elementor-element-14bd78b elementor-widget elementor-widget-heading\" data-id=\"14bd78b\" data-element_type=\"widget\" data-e-type=\"widget\" data-widget_type=\"heading.default\">\n\t\t\t\t\t<h3 class=\"elementor-heading-title elementor-size-default\">Warum ein Flachdach vom Meisterbetrieb?<\/h3>\t\t\t\t<\/div>\n\t\t\t\t<div class=\"elementor-element elementor-element-79f0128 elementor-widget elementor-widget-text-editor\" data-id=\"79f0128\" data-element_type=\"widget\" data-e-type=\"widget\" data-widget_type=\"text-editor.default\">\n\t\t\t\t\t\t\t\t\t<p class=\"MsoNormal\">Ein professionell ausgef\u00fchrtes Flachdach vereint Funktionalit\u00e4t und Design. Unsere erfahrenen Dachdeckermeister kennen die Herausforderungen dieser Dachform \u2013 von der korrekten Gef\u00e4llegebung bis zur fachgerechten Entw\u00e4sserung. So vermeiden wir Folgesch\u00e4den und sichern Ihnen eine lange Lebensdauer.<\/p>\t\t\t\t\t\t\t\t<\/div>\n\t\t\t\t<div class=\"elementor-element elementor-element-7a8f265 elementor-align-center elementor-widget elementor-widget-elementskit-button\" data-id=\"7a8f265\" data-element_type=\"widget\" data-e-type=\"widget\" data-widget_type=\"elementskit-button.default\">\n\t\t\t\t\t<div class=\"ekit-wid-con\" >\t\t<div class=\"ekit-btn-wraper\">\n\t\t\t\t\t\t\t<a href=\"#kontakt\" class=\"elementskit-btn  whitespace--normal\" id=\"\">\n\t\t\t\t\tJetzt Kontakt aufnehmen\t\t\t\t<\/a>\n\t\t\t\t\t<\/div>\n        <\/div>\t\t\t\t<\/div>\n\t\t\t\t<\/div>\n\t\t\t\t\t<\/div>\n\t\t\t\t<\/div>\n\t\t\t\t\t<\/div>\n\t\t\t\t<\/div>\n\t\t<div class=\"elementor-element elementor-element-f3e73c1 e-con-full e-flex e-con e-parent\" data-id=\"f3e73c1\" data-element_type=\"container\" data-e-type=\"container\" data-settings=\"{&quot;background_background&quot;:&quot;classic&quot;}\">\n\t\t<div class=\"elementor-element elementor-element-bacce30 e-con-full e-flex e-con e-child\" data-id=\"bacce30\" data-element_type=\"container\" data-e-type=\"container\" data-settings=\"{&quot;background_background&quot;:&quot;classic&quot;}\">\n\t\t<div class=\"elementor-element elementor-element-2f8294c e-con-full e-flex e-con e-child\" data-id=\"2f8294c\" data-element_type=\"container\" data-e-type=\"container\">\n\t\t<div class=\"elementor-element elementor-element-a0d8146 e-con-full e-flex e-con e-child\" data-id=\"a0d8146\" data-element_type=\"container\" data-e-type=\"container\">\n\t\t\t\t<div class=\"elementor-element elementor-element-0b53cb0 elementor-widget elementor-widget-heading\" data-id=\"0b53cb0\" data-element_type=\"widget\" data-e-type=\"widget\" data-widget_type=\"heading.default\">\n\t\t\t\t\t<h3 class=\"elementor-heading-title elementor-size-default\">Flachdachbegr\u00fcnung:<br>\nNatur auf dem Dach<\/h3>\t\t\t\t<\/div>\n\t\t\t\t<\/div>\n\t\t<div class=\"elementor-element elementor-element-5d6affe e-con-full e-flex e-con e-child\" data-id=\"5d6affe\" data-element_type=\"container\" data-e-type=\"container\">\n\t\t\t\t<div class=\"elementor-element elementor-element-2e3a82f elementor-widget elementor-widget-text-editor\" data-id=\"2e3a82f\" data-element_type=\"widget\" data-e-type=\"widget\" data-widget_type=\"text-editor.default\">\n\t\t\t\t\t\t\t\t\t<p class=\"MsoNormal\">Eine <strong data-start=\"2295\" data-end=\"2312\">Dachbegr\u00fcnung<\/strong> verwandelt Ihr Flachdach in eine gr\u00fcne Oase. Sie verbessert das Mikroklima, speichert Regenwasser, sch\u00fctzt die Dachabdichtung und steigert den Wert Ihrer Immobilie. Ob extensiv oder intensiv \u2013 wir beraten Sie zu den M\u00f6glichkeiten und setzen Ihre Dachbegr\u00fcnung fachgerecht um.<\/p>\t\t\t\t\t\t\t\t<\/div>\n\t\t\t\t<div class=\"elementor-element elementor-element-e5b6932 elementor-align-center elementor-widget elementor-widget-elementskit-button\" data-id=\"e5b6932\" data-element_type=\"widget\" data-e-type=\"widget\" data-widget_type=\"elementskit-button.default\">\n\t\t\t\t\t<div class=\"ekit-wid-con\" >\t\t<div class=\"ekit-btn-wraper\">\n\t\t\t\t\t\t\t<a href=\"#kontakt\" class=\"elementskit-btn  whitespace--normal\" id=\"\">\n\t\t\t\t\tJetzt beraten lassen\t\t\t\t<\/a>\n\t\t\t\t\t<\/div>\n        <\/div>\t\t\t\t<\/div>\n\t\t\t\t<\/div>\n\t\t\t\t<\/div>\n\t\t\t\t<\/div>\n\t\t\t\t<\/div>\n\t\t\t\t<\/div>\n\t\t\n    <div class=\"xs_social_share_widget xs_share_url after_content \t\tmain_content  wslu-style-1 wslu-share-box-shaped wslu-fill-colored wslu-none wslu-share-horizontal wslu-theme-font-no wslu-main_content\">\n\n\t\t\n        <ul>\n\t\t\t        <\/ul>\n    <\/div> \n","protected":false},"excerpt":{"rendered":"<p>Flachd\u00e4cher in Wilhelmshaven \u2013 langlebig, dicht und modern Ein Flachdach ist mehr als nur eine funktionale Dachform \u2013 es bietet vielf\u00e4ltige Gestaltungsm\u00f6glichkeiten und ist bei fachgerechter Ausf\u00fchrung extrem langlebig. Als erfahrener Dachdecker-Meisterbetrieb in Wilhemshaven\/Friesland\u00a0realisieren wir Flachdach-Neubauten und Sanierungen mit h\u00f6chster Pr\u00e4zision. Von der W\u00e4rmed\u00e4mmung nach EnEV oder KfW \u00fcber hochwertige Abdichtungssysteme bis hin zur attraktiven [&hellip;]<\/p>\n","protected":false},"author":1,"featured_media":0,"parent":0,"menu_order":0,"comment_status":"closed","ping_status":"closed","template":"","meta":{"postBodyCss":"","postBodyMargin":[],"postBodyPadding":[],"postBodyBackground":{"backgroundType":"classic","gradient":""},"footnotes":""},"class_list":["post-151","page","type-page","status-publish","hentry"],"yoast_head":"<!-- This site is optimized with the Yoast SEO plugin v27.4 - https:\/\/yoast.com\/product\/yoast-seo-wordpress\/ -->\n<title>Flachdach -<\/title>\n<meta name=\"robots\" content=\"index, follow, max-snippet:-1, max-image-preview:large, max-video-preview:-1\" \/>\n<link rel=\"canonical\" href=\"https:\/\/sohnle-bedachungen.de\/index.php\/flachdach\/\" \/>\n<meta property=\"og:locale\" content=\"de_DE\" \/>\n<meta property=\"og:type\" content=\"article\" \/>\n<meta property=\"og:title\" content=\"Flachdach -\" \/>\n<meta property=\"og:description\" content=\"Flachd\u00e4cher in Wilhelmshaven \u2013 langlebig, dicht und modern Ein Flachdach ist mehr als nur eine funktionale Dachform \u2013 es bietet vielf\u00e4ltige Gestaltungsm\u00f6glichkeiten und ist bei fachgerechter Ausf\u00fchrung extrem langlebig. Als erfahrener Dachdecker-Meisterbetrieb in Wilhemshaven\/Friesland\u00a0realisieren wir Flachdach-Neubauten und Sanierungen mit h\u00f6chster Pr\u00e4zision. Von der W\u00e4rmed\u00e4mmung nach EnEV oder KfW \u00fcber hochwertige Abdichtungssysteme bis hin zur attraktiven [&hellip;]\" \/>\n<meta property=\"og:url\" content=\"https:\/\/sohnle-bedachungen.de\/index.php\/flachdach\/\" \/>\n<meta property=\"article:modified_time\" content=\"2025-08-14T13:37:25+00:00\" \/>\n<meta property=\"og:image\" content=\"https:\/\/sohnle-bedachungen.de\/wp-content\/uploads\/2025\/08\/AdobeStock_395714691-scaled.jpeg\" \/>\n\t<meta property=\"og:image:width\" content=\"2560\" \/>\n\t<meta property=\"og:image:height\" content=\"1707\" \/>\n\t<meta property=\"og:image:type\" content=\"image\/jpeg\" \/>\n<meta name=\"twitter:card\" content=\"summary_large_image\" \/>\n<meta name=\"twitter:label1\" content=\"Gesch\u00e4tzte Lesezeit\" \/>\n\t<meta name=\"twitter:data1\" content=\"1\u00a0Minute\" \/>\n<script type=\"application\/ld+json\" class=\"yoast-schema-graph\">{\"@context\":\"https:\\\/\\\/schema.org\",\"@graph\":[{\"@type\":\"WebPage\",\"@id\":\"https:\\\/\\\/sohnle-bedachungen.de\\\/index.php\\\/flachdach\\\/\",\"url\":\"https:\\\/\\\/sohnle-bedachungen.de\\\/index.php\\\/flachdach\\\/\",\"name\":\"Flachdach -\",\"isPartOf\":{\"@id\":\"https:\\\/\\\/sohnle-bedachungen.de\\\/#website\"},\"primaryImageOfPage\":{\"@id\":\"https:\\\/\\\/sohnle-bedachungen.de\\\/index.php\\\/flachdach\\\/#primaryimage\"},\"image\":{\"@id\":\"https:\\\/\\\/sohnle-bedachungen.de\\\/index.php\\\/flachdach\\\/#primaryimage\"},\"thumbnailUrl\":\"https:\\\/\\\/sohnle-bedachungen.de\\\/wp-content\\\/uploads\\\/2025\\\/08\\\/AdobeStock_395714691-1024x683.jpeg\",\"datePublished\":\"2025-08-11T14:57:40+00:00\",\"dateModified\":\"2025-08-14T13:37:25+00:00\",\"breadcrumb\":{\"@id\":\"https:\\\/\\\/sohnle-bedachungen.de\\\/index.php\\\/flachdach\\\/#breadcrumb\"},\"inLanguage\":\"de\",\"potentialAction\":[{\"@type\":\"ReadAction\",\"target\":[\"https:\\\/\\\/sohnle-bedachungen.de\\\/index.php\\\/flachdach\\\/\"]}]},{\"@type\":\"ImageObject\",\"inLanguage\":\"de\",\"@id\":\"https:\\\/\\\/sohnle-bedachungen.de\\\/index.php\\\/flachdach\\\/#primaryimage\",\"url\":\"https:\\\/\\\/sohnle-bedachungen.de\\\/wp-content\\\/uploads\\\/2025\\\/08\\\/AdobeStock_395714691-scaled.jpeg\",\"contentUrl\":\"https:\\\/\\\/sohnle-bedachungen.de\\\/wp-content\\\/uploads\\\/2025\\\/08\\\/AdobeStock_395714691-scaled.jpeg\",\"width\":2560,\"height\":1707,\"caption\":\"modern house in Munich, flat roof, smooth surface\"},{\"@type\":\"BreadcrumbList\",\"@id\":\"https:\\\/\\\/sohnle-bedachungen.de\\\/index.php\\\/flachdach\\\/#breadcrumb\",\"itemListElement\":[{\"@type\":\"ListItem\",\"position\":1,\"name\":\"Startseite\",\"item\":\"https:\\\/\\\/sohnle-bedachungen.de\\\/\"},{\"@type\":\"ListItem\",\"position\":2,\"name\":\"Flachdach\"}]},{\"@type\":\"WebSite\",\"@id\":\"https:\\\/\\\/sohnle-bedachungen.de\\\/#website\",\"url\":\"https:\\\/\\\/sohnle-bedachungen.de\\\/\",\"name\":\"\",\"description\":\"\",\"potentialAction\":[{\"@type\":\"SearchAction\",\"target\":{\"@type\":\"EntryPoint\",\"urlTemplate\":\"https:\\\/\\\/sohnle-bedachungen.de\\\/?s={search_term_string}\"},\"query-input\":{\"@type\":\"PropertyValueSpecification\",\"valueRequired\":true,\"valueName\":\"search_term_string\"}}],\"inLanguage\":\"de\"}]}<\/script>\n<!-- \/ Yoast SEO plugin. -->","yoast_head_json":{"title":"Flachdach -","robots":{"index":"index","follow":"follow","max-snippet":"max-snippet:-1","max-image-preview":"max-image-preview:large","max-video-preview":"max-video-preview:-1"},"canonical":"https:\/\/sohnle-bedachungen.de\/index.php\/flachdach\/","og_locale":"de_DE","og_type":"article","og_title":"Flachdach -","og_description":"Flachd\u00e4cher in Wilhelmshaven \u2013 langlebig, dicht und modern Ein Flachdach ist mehr als nur eine funktionale Dachform \u2013 es bietet vielf\u00e4ltige Gestaltungsm\u00f6glichkeiten und ist bei fachgerechter Ausf\u00fchrung extrem langlebig. Als erfahrener Dachdecker-Meisterbetrieb in Wilhemshaven\/Friesland\u00a0realisieren wir Flachdach-Neubauten und Sanierungen mit h\u00f6chster Pr\u00e4zision. Von der W\u00e4rmed\u00e4mmung nach EnEV oder KfW \u00fcber hochwertige Abdichtungssysteme bis hin zur attraktiven [&hellip;]","og_url":"https:\/\/sohnle-bedachungen.de\/index.php\/flachdach\/","article_modified_time":"2025-08-14T13:37:25+00:00","og_image":[{"width":2560,"height":1707,"url":"https:\/\/sohnle-bedachungen.de\/wp-content\/uploads\/2025\/08\/AdobeStock_395714691-scaled.jpeg","type":"image\/jpeg"}],"twitter_card":"summary_large_image","twitter_misc":{"Gesch\u00e4tzte Lesezeit":"1\u00a0Minute"},"schema":{"@context":"https:\/\/schema.org","@graph":[{"@type":"WebPage","@id":"https:\/\/sohnle-bedachungen.de\/index.php\/flachdach\/","url":"https:\/\/sohnle-bedachungen.de\/index.php\/flachdach\/","name":"Flachdach -","isPartOf":{"@id":"https:\/\/sohnle-bedachungen.de\/#website"},"primaryImageOfPage":{"@id":"https:\/\/sohnle-bedachungen.de\/index.php\/flachdach\/#primaryimage"},"image":{"@id":"https:\/\/sohnle-bedachungen.de\/index.php\/flachdach\/#primaryimage"},"thumbnailUrl":"https:\/\/sohnle-bedachungen.de\/wp-content\/uploads\/2025\/08\/AdobeStock_395714691-1024x683.jpeg","datePublished":"2025-08-11T14:57:40+00:00","dateModified":"2025-08-14T13:37:25+00:00","breadcrumb":{"@id":"https:\/\/sohnle-bedachungen.de\/index.php\/flachdach\/#breadcrumb"},"inLanguage":"de","potentialAction":[{"@type":"ReadAction","target":["https:\/\/sohnle-bedachungen.de\/index.php\/flachdach\/"]}]},{"@type":"ImageObject","inLanguage":"de","@id":"https:\/\/sohnle-bedachungen.de\/index.php\/flachdach\/#primaryimage","url":"https:\/\/sohnle-bedachungen.de\/wp-content\/uploads\/2025\/08\/AdobeStock_395714691-scaled.jpeg","contentUrl":"https:\/\/sohnle-bedachungen.de\/wp-content\/uploads\/2025\/08\/AdobeStock_395714691-scaled.jpeg","width":2560,"height":1707,"caption":"modern house in Munich, flat roof, smooth surface"},{"@type":"BreadcrumbList","@id":"https:\/\/sohnle-bedachungen.de\/index.php\/flachdach\/#breadcrumb","itemListElement":[{"@type":"ListItem","position":1,"name":"Startseite","item":"https:\/\/sohnle-bedachungen.de\/"},{"@type":"ListItem","position":2,"name":"Flachdach"}]},{"@type":"WebSite","@id":"https:\/\/sohnle-bedachungen.de\/#website","url":"https:\/\/sohnle-bedachungen.de\/","name":"","description":"","potentialAction":[{"@type":"SearchAction","target":{"@type":"EntryPoint","urlTemplate":"https:\/\/sohnle-bedachungen.de\/?s={search_term_string}"},"query-input":{"@type":"PropertyValueSpecification","valueRequired":true,"valueName":"search_term_string"}}],"inLanguage":"de"}]}},"_links":{"self":[{"href":"https:\/\/sohnle-bedachungen.de\/index.php\/wp-json\/wp\/v2\/pages\/151","targetHints":{"allow":["GET"]}}],"collection":[{"href":"https:\/\/sohnle-bedachungen.de\/index.php\/wp-json\/wp\/v2\/pages"}],"about":[{"href":"https:\/\/sohnle-bedachungen.de\/index.php\/wp-json\/wp\/v2\/types\/page"}],"author":[{"embeddable":true,"href":"https:\/\/sohnle-bedachungen.de\/index.php\/wp-json\/wp\/v2\/users\/1"}],"replies":[{"embeddable":true,"href":"https:\/\/sohnle-bedachungen.de\/index.php\/wp-json\/wp\/v2\/comments?post=151"}],"version-history":[{"count":37,"href":"https:\/\/sohnle-bedachungen.de\/index.php\/wp-json\/wp\/v2\/pages\/151\/revisions"}],"predecessor-version":[{"id":529,"href":"https:\/\/sohnle-bedachungen.de\/index.php\/wp-json\/wp\/v2\/pages\/151\/revisions\/529"}],"wp:attachment":[{"href":"https:\/\/sohnle-bedachungen.de\/index.php\/wp-json\/wp\/v2\/media?parent=151"}],"curies":[{"name":"wp","href":"https:\/\/api.w.org\/{rel}","templated":true}]}}