{"id":211,"date":"2025-08-12T09:18:59","date_gmt":"2025-08-12T09:18:59","guid":{"rendered":"https:\/\/sohnle-bedachungen.de\/?page_id=211"},"modified":"2025-08-14T13:35:37","modified_gmt":"2025-08-14T13:35:37","slug":"steildach","status":"publish","type":"page","link":"https:\/\/sohnle-bedachungen.de\/index.php\/steildach\/","title":{"rendered":"Steildach"},"content":{"rendered":"\t\t<div data-elementor-type=\"wp-page\" data-elementor-id=\"211\" class=\"elementor elementor-211\" data-elementor-post-type=\"page\">\n\t\t\t\t<div class=\"elementor-element elementor-element-5c5402d e-flex e-con-boxed e-con e-parent\" data-id=\"5c5402d\" data-element_type=\"container\" data-e-type=\"container\">\n\t\t\t\t\t<div class=\"e-con-inner\">\n\t\t<div class=\"elementor-element elementor-element-93f5472 e-con-full e-flex e-con e-child\" data-id=\"93f5472\" data-element_type=\"container\" data-e-type=\"container\">\n\t\t\t\t<div class=\"elementor-element elementor-element-968b6ab elementor-widget elementor-widget-heading\" data-id=\"968b6ab\" data-element_type=\"widget\" data-e-type=\"widget\" data-widget_type=\"heading.default\">\n\t\t\t\t\t<h1 class=\"elementor-heading-title elementor-size-default\">Steild\u00e4cher in WHV &amp; FRI \u2013 klassisch, modern, langlebig<\/h1>\t\t\t\t<\/div>\n\t\t\t\t<div class=\"elementor-element elementor-element-60f758a elementor-widget elementor-widget-text-editor\" data-id=\"60f758a\" data-element_type=\"widget\" data-e-type=\"widget\" data-widget_type=\"text-editor.default\">\n\t\t\t\t\t\t\t\t\t<p>Das <strong data-start=\"3170\" data-end=\"3183\">Steildach<\/strong> ist der Klassiker unter den Dachformen und \u00fcberzeugt durch seine Langlebigkeit und optische Vielfalt. Als Dachdecker-Meisterbetrieb in [Ort] bieten wir Ihnen alles \u2013 von der <strong data-start=\"3358\" data-end=\"3375\">Neueindeckung<\/strong> \u00fcber die <strong data-start=\"3385\" data-end=\"3402\">Dachsanierung<\/strong> bis hin zu individuellen Umbauma\u00dfnahmen. Wir verarbeiten hochwertige <strong data-start=\"3472\" data-end=\"3491\">Betondachsteine<\/strong> und <strong data-start=\"3496\" data-end=\"3509\">Tonziegel<\/strong> aller namhaften Hersteller und sorgen f\u00fcr eine fachgerechte <strong data-start=\"3570\" data-end=\"3586\">W\u00e4rmed\u00e4mmung<\/strong> nach EnEV oder KfW<\/p>\t\t\t\t\t\t\t\t<\/div>\n\t\t\t\t<div class=\"elementor-element elementor-element-831da9e elementor-widget elementor-widget-heading\" data-id=\"831da9e\" data-element_type=\"widget\" data-e-type=\"widget\" data-widget_type=\"heading.default\">\n\t\t\t\t\t<h2 class=\"elementor-heading-title elementor-size-default\">Jetzt Steildach planen<\/h2>\t\t\t\t<\/div>\n\t\t\t\t<div class=\"elementor-element elementor-element-49e33f8 elementor-widget elementor-widget-text-editor\" data-id=\"49e33f8\" data-element_type=\"widget\" data-e-type=\"widget\" data-widget_type=\"text-editor.default\">\n\t\t\t\t\t\t\t\t\t<p>Ob Neubau oder Sanierung \u2013 wir sind Ihr Ansprechpartner f\u00fcr <strong data-start=\"4687\" data-end=\"4711\">Steild\u00e4cher in Wilhelmshaven &amp; Friesland<\/strong>. Lassen Sie sich pers\u00f6nlich beraten.<\/p>\t\t\t\t\t\t\t\t<\/div>\n\t\t\t\t<div class=\"elementor-element elementor-element-83eca2a elementor-align-center elementor-widget elementor-widget-elementskit-button\" data-id=\"83eca2a\" data-element_type=\"widget\" data-e-type=\"widget\" data-widget_type=\"elementskit-button.default\">\n\t\t\t\t\t<div class=\"ekit-wid-con\" >\t\t<div class=\"ekit-btn-wraper\">\n\t\t\t\t\t\t\t<a href=\"#kontakt\" class=\"elementskit-btn  whitespace--normal\" id=\"\">\n\t\t\t\t\tJetzt Kontakt aufnehmen\t\t\t\t<\/a>\n\t\t\t\t\t<\/div>\n        <\/div>\t\t\t\t<\/div>\n\t\t\t\t<\/div>\n\t\t<div class=\"elementor-element elementor-element-a179640 e-con-full e-flex e-con e-child\" data-id=\"a179640\" data-element_type=\"container\" data-e-type=\"container\">\n\t\t\t\t<div class=\"elementor-element elementor-element-90a592f elementor-widget__width-auto elementor-widget-mobile__width-inherit elementor-invisible elementor-widget elementor-widget-image\" data-id=\"90a592f\" data-element_type=\"widget\" data-e-type=\"widget\" data-settings=\"{&quot;_animation&quot;:&quot;rotateInUpLeft&quot;}\" data-widget_type=\"image.default\">\n\t\t\t\t\t\t\t\t\t\t\t\t\t\t\t<img fetchpriority=\"high\" decoding=\"async\" width=\"800\" height=\"480\" src=\"https:\/\/sohnle-bedachungen.de\/wp-content\/uploads\/2025\/08\/AdobeStock_362390706-scaled-e1755177530537-1024x614.jpeg\" class=\"attachment-large size-large wp-image-492\" alt=\"\" srcset=\"https:\/\/sohnle-bedachungen.de\/wp-content\/uploads\/2025\/08\/AdobeStock_362390706-scaled-e1755177530537-1024x614.jpeg 1024w, https:\/\/sohnle-bedachungen.de\/wp-content\/uploads\/2025\/08\/AdobeStock_362390706-scaled-e1755177530537-300x180.jpeg 300w, https:\/\/sohnle-bedachungen.de\/wp-content\/uploads\/2025\/08\/AdobeStock_362390706-scaled-e1755177530537-768x461.jpeg 768w, https:\/\/sohnle-bedachungen.de\/wp-content\/uploads\/2025\/08\/AdobeStock_362390706-scaled-e1755177530537-1536x922.jpeg 1536w, https:\/\/sohnle-bedachungen.de\/wp-content\/uploads\/2025\/08\/AdobeStock_362390706-scaled-e1755177530537-2048x1229.jpeg 2048w\" sizes=\"(max-width: 800px) 100vw, 800px\" \/>\t\t\t\t\t\t\t\t\t\t\t\t\t\t\t<\/div>\n\t\t\t\t<\/div>\n\t\t\t\t\t<\/div>\n\t\t\t\t<\/div>\n\t\t<div class=\"elementor-element elementor-element-929f251 e-flex e-con-boxed e-con e-parent\" data-id=\"929f251\" data-element_type=\"container\" data-e-type=\"container\" data-settings=\"{&quot;background_background&quot;:&quot;classic&quot;}\">\n\t\t\t\t\t<div class=\"e-con-inner\">\n\t\t<div class=\"elementor-element elementor-element-a2b3aab e-con-full e-flex e-con e-child\" data-id=\"a2b3aab\" data-element_type=\"container\" data-e-type=\"container\">\n\t\t<div class=\"elementor-element elementor-element-8785f56 e-flex e-con-boxed e-con e-child\" data-id=\"8785f56\" data-element_type=\"container\" data-e-type=\"container\">\n\t\t\t\t\t<div class=\"e-con-inner\">\n\t\t\t\t<div class=\"elementor-element elementor-element-e8e47d9 elementor-widget elementor-widget-heading\" data-id=\"e8e47d9\" data-element_type=\"widget\" data-e-type=\"widget\" data-widget_type=\"heading.default\">\n\t\t\t\t\t<h2 class=\"elementor-heading-title elementor-size-default\">Unser Leistungsspektrum beim Steildach<\/h2>\t\t\t\t<\/div>\n\t\t\t\t\t<\/div>\n\t\t\t\t<\/div>\n\t\t\t\t<div class=\"elementor-element elementor-element-cb20bd4 elementor-widget elementor-widget-text-editor\" data-id=\"cb20bd4\" data-element_type=\"widget\" data-e-type=\"widget\" data-widget_type=\"text-editor.default\">\n\t\t\t\t\t\t\t\t\t<p>Ein Steildach ist nicht nur optisch ansprechend \u2013 es bietet auch hervorragenden Wetterschutz, eine lange Lebensdauer und optimale M\u00f6glichkeiten zur D\u00e4mmung. Zudem erlaubt es eine flexible Gestaltung des Dachraums, ob als zus\u00e4tzlicher Wohnraum oder als Stauraum. Unsere erfahrenen Dachdeckermeister und Gesellen setzen jedes Steildach mit h\u00f6chster Pr\u00e4zision um. Wir achten auf Details wie die korrekte Unterkonstruktion, perfekte Eindeckung und eine langlebige Entw\u00e4sserung.<\/p>\t\t\t\t\t\t\t\t<\/div>\n\t\t<div class=\"elementor-element elementor-element-6223748 e-con-full e-flex e-con e-child\" data-id=\"6223748\" data-element_type=\"container\" data-e-type=\"container\">\n\t\t<div class=\"elementor-element elementor-element-d23040f animated-slow e-con-full e-flex elementor-invisible e-con e-child\" data-id=\"d23040f\" data-element_type=\"container\" data-e-type=\"container\" data-settings=\"{&quot;background_background&quot;:&quot;classic&quot;,&quot;animation&quot;:&quot;zoomIn&quot;}\">\n\t\t\t\t<div class=\"elementor-element elementor-element-cf2dd50 elementor-widget elementor-widget-heading\" data-id=\"cf2dd50\" data-element_type=\"widget\" data-e-type=\"widget\" data-widget_type=\"heading.default\">\n\t\t\t\t\t<h4 class=\"elementor-heading-title elementor-size-default\">Steildach<\/h4>\t\t\t\t<\/div>\n\t\t\t\t<div class=\"elementor-element elementor-element-bca947d elementor-widget elementor-widget-heading\" data-id=\"bca947d\" data-element_type=\"widget\" data-e-type=\"widget\" data-widget_type=\"heading.default\">\n\t\t\t\t\t<h4 class=\"elementor-heading-title elementor-size-default\">von der Planung bis zur Fertigstellung<\/h4>\t\t\t\t<\/div>\n\t\t\t\t<\/div>\n\t\t<div class=\"elementor-element elementor-element-412bc66 animated-slow e-con-full e-flex elementor-invisible e-con e-child\" data-id=\"412bc66\" data-element_type=\"container\" data-e-type=\"container\" data-settings=\"{&quot;background_background&quot;:&quot;classic&quot;,&quot;animation&quot;:&quot;zoomIn&quot;}\">\n\t\t\t\t<div class=\"elementor-element elementor-element-99a7fd4 elementor-widget elementor-widget-heading\" data-id=\"99a7fd4\" data-element_type=\"widget\" data-e-type=\"widget\" data-widget_type=\"heading.default\">\n\t\t\t\t\t<h4 class=\"elementor-heading-title elementor-size-default\">Dachsanierung<\/h4>\t\t\t\t<\/div>\n\t\t\t\t<div class=\"elementor-element elementor-element-7e1f61b elementor-widget elementor-widget-heading\" data-id=\"7e1f61b\" data-element_type=\"widget\" data-e-type=\"widget\" data-widget_type=\"heading.default\">\n\t\t\t\t\t<h4 class=\"elementor-heading-title elementor-size-default\">Austausch der Eindeckung &amp; W\u00e4rmed\u00e4mmung<\/h4>\t\t\t\t<\/div>\n\t\t\t\t<\/div>\n\t\t<div class=\"elementor-element elementor-element-ad3a8c7 animated-slow e-con-full e-flex elementor-invisible e-con e-child\" data-id=\"ad3a8c7\" data-element_type=\"container\" data-e-type=\"container\" data-settings=\"{&quot;background_background&quot;:&quot;classic&quot;,&quot;animation&quot;:&quot;zoomIn&quot;}\">\n\t\t\t\t<div class=\"elementor-element elementor-element-e17e52f elementor-widget elementor-widget-heading\" data-id=\"e17e52f\" data-element_type=\"widget\" data-e-type=\"widget\" data-widget_type=\"heading.default\">\n\t\t\t\t\t<h4 class=\"elementor-heading-title elementor-size-default\">Holzrahmenbau<\/h4>\t\t\t\t<\/div>\n\t\t\t\t<div class=\"elementor-element elementor-element-c2c83a2 elementor-widget elementor-widget-heading\" data-id=\"c2c83a2\" data-element_type=\"widget\" data-e-type=\"widget\" data-widget_type=\"heading.default\">\n\t\t\t\t\t<h4 class=\"elementor-heading-title elementor-size-default\">f\u00fcr Dachst\u00fchle, Aufstockungen &amp; <span style=\"letter-spacing: 0px\">Gauben  <\/span><span style=\"letter-spacing: 0px\"><\/span><br><\/h4>\t\t\t\t<\/div>\n\t\t\t\t<\/div>\n\t\t<div class=\"elementor-element elementor-element-b1c8e32 animated-slow e-con-full e-flex elementor-invisible e-con e-child\" data-id=\"b1c8e32\" data-element_type=\"container\" data-e-type=\"container\" data-settings=\"{&quot;background_background&quot;:&quot;classic&quot;,&quot;animation&quot;:&quot;zoomIn&quot;}\">\n\t\t\t\t<div class=\"elementor-element elementor-element-aa95bc7 elementor-widget elementor-widget-heading\" data-id=\"aa95bc7\" data-element_type=\"widget\" data-e-type=\"widget\" data-widget_type=\"heading.default\">\n\t\t\t\t\t<h4 class=\"elementor-heading-title elementor-size-default\">Dachgauben<\/h4>\t\t\t\t<\/div>\n\t\t\t\t<div class=\"elementor-element elementor-element-03944b1 elementor-widget elementor-widget-heading\" data-id=\"03944b1\" data-element_type=\"widget\" data-e-type=\"widget\" data-widget_type=\"heading.default\">\n\t\t\t\t\t<h4 class=\"elementor-heading-title elementor-size-default\">Verkleidung &amp; Umbau<\/h4>\t\t\t\t<\/div>\n\t\t\t\t<\/div>\n\t\t<div class=\"elementor-element elementor-element-a57b761 animated-slow e-con-full e-flex elementor-invisible e-con e-child\" data-id=\"a57b761\" data-element_type=\"container\" data-e-type=\"container\" data-settings=\"{&quot;background_background&quot;:&quot;classic&quot;,&quot;animation&quot;:&quot;zoomIn&quot;}\">\n\t\t\t\t<div class=\"elementor-element elementor-element-cf4d1b5 elementor-widget elementor-widget-heading\" data-id=\"cf4d1b5\" data-element_type=\"widget\" data-e-type=\"widget\" data-widget_type=\"heading.default\">\n\t\t\t\t\t<h4 class=\"elementor-heading-title elementor-size-default\">... und mehr<\/h4>\t\t\t\t<\/div>\n\t\t\t\t<div class=\"elementor-element elementor-element-adb4634 elementor-widget elementor-widget-heading\" data-id=\"adb4634\" data-element_type=\"widget\" data-e-type=\"widget\" data-widget_type=\"heading.default\">\n\t\t\t\t\t<h4 class=\"elementor-heading-title elementor-size-default\">Carports, Terrassen\u00fcberdachungen &amp; Gartenh\u00e4user<\/h4>\t\t\t\t<\/div>\n\t\t\t\t<\/div>\n\t\t\t\t<\/div>\n\t\t\t\t<\/div>\n\t\t\t\t\t<\/div>\n\t\t\t\t<\/div>\n\t\t\t\t<\/div>\n\t\t\n    <div class=\"xs_social_share_widget xs_share_url after_content \t\tmain_content  wslu-style-1 wslu-share-box-shaped wslu-fill-colored wslu-none wslu-share-horizontal wslu-theme-font-no wslu-main_content\">\n\n\t\t\n        <ul>\n\t\t\t        <\/ul>\n    <\/div> \n","protected":false},"excerpt":{"rendered":"<p>Steild\u00e4cher in WHV &amp; FRI \u2013 klassisch, modern, langlebig Das Steildach ist der Klassiker unter den Dachformen und \u00fcberzeugt durch seine Langlebigkeit und optische Vielfalt. Als Dachdecker-Meisterbetrieb in [Ort] bieten wir Ihnen alles \u2013 von der Neueindeckung \u00fcber die Dachsanierung bis hin zu individuellen Umbauma\u00dfnahmen. Wir verarbeiten hochwertige Betondachsteine und Tonziegel aller namhaften Hersteller und [&hellip;]<\/p>\n","protected":false},"author":1,"featured_media":0,"parent":0,"menu_order":0,"comment_status":"closed","ping_status":"closed","template":"","meta":{"postBodyCss":"","postBodyMargin":[],"postBodyPadding":[],"postBodyBackground":{"backgroundType":"classic","gradient":""},"footnotes":""},"class_list":["post-211","page","type-page","status-publish","hentry"],"yoast_head":"<!-- This site is optimized with the Yoast SEO plugin v27.4 - https:\/\/yoast.com\/product\/yoast-seo-wordpress\/ -->\n<title>Steildach -<\/title>\n<meta name=\"robots\" content=\"index, follow, max-snippet:-1, max-image-preview:large, max-video-preview:-1\" \/>\n<link rel=\"canonical\" href=\"https:\/\/sohnle-bedachungen.de\/index.php\/steildach\/\" \/>\n<meta property=\"og:locale\" content=\"de_DE\" \/>\n<meta property=\"og:type\" content=\"article\" \/>\n<meta property=\"og:title\" content=\"Steildach -\" \/>\n<meta property=\"og:description\" content=\"Steild\u00e4cher in WHV &amp; FRI \u2013 klassisch, modern, langlebig Das Steildach ist der Klassiker unter den Dachformen und \u00fcberzeugt durch seine Langlebigkeit und optische Vielfalt. Als Dachdecker-Meisterbetrieb in [Ort] bieten wir Ihnen alles \u2013 von der Neueindeckung \u00fcber die Dachsanierung bis hin zu individuellen Umbauma\u00dfnahmen. Wir verarbeiten hochwertige Betondachsteine und Tonziegel aller namhaften Hersteller und [&hellip;]\" \/>\n<meta property=\"og:url\" content=\"https:\/\/sohnle-bedachungen.de\/index.php\/steildach\/\" \/>\n<meta property=\"article:modified_time\" content=\"2025-08-14T13:35:37+00:00\" \/>\n<meta property=\"og:image\" content=\"https:\/\/sohnle-bedachungen.de\/wp-content\/uploads\/2025\/08\/AdobeStock_362390706-scaled-e1755177530537.jpeg\" \/>\n\t<meta property=\"og:image:width\" content=\"2500\" \/>\n\t<meta property=\"og:image:height\" content=\"1500\" \/>\n\t<meta property=\"og:image:type\" content=\"image\/jpeg\" \/>\n<meta name=\"twitter:card\" content=\"summary_large_image\" \/>\n<meta name=\"twitter:label1\" content=\"Gesch\u00e4tzte Lesezeit\" \/>\n\t<meta name=\"twitter:data1\" content=\"1\u00a0Minute\" \/>\n<script type=\"application\/ld+json\" class=\"yoast-schema-graph\">{\"@context\":\"https:\\\/\\\/schema.org\",\"@graph\":[{\"@type\":\"WebPage\",\"@id\":\"https:\\\/\\\/sohnle-bedachungen.de\\\/index.php\\\/steildach\\\/\",\"url\":\"https:\\\/\\\/sohnle-bedachungen.de\\\/index.php\\\/steildach\\\/\",\"name\":\"Steildach -\",\"isPartOf\":{\"@id\":\"https:\\\/\\\/sohnle-bedachungen.de\\\/#website\"},\"primaryImageOfPage\":{\"@id\":\"https:\\\/\\\/sohnle-bedachungen.de\\\/index.php\\\/steildach\\\/#primaryimage\"},\"image\":{\"@id\":\"https:\\\/\\\/sohnle-bedachungen.de\\\/index.php\\\/steildach\\\/#primaryimage\"},\"thumbnailUrl\":\"https:\\\/\\\/sohnle-bedachungen.de\\\/wp-content\\\/uploads\\\/2025\\\/08\\\/AdobeStock_362390706-scaled-e1755177530537-1024x614.jpeg\",\"datePublished\":\"2025-08-12T09:18:59+00:00\",\"dateModified\":\"2025-08-14T13:35:37+00:00\",\"breadcrumb\":{\"@id\":\"https:\\\/\\\/sohnle-bedachungen.de\\\/index.php\\\/steildach\\\/#breadcrumb\"},\"inLanguage\":\"de\",\"potentialAction\":[{\"@type\":\"ReadAction\",\"target\":[\"https:\\\/\\\/sohnle-bedachungen.de\\\/index.php\\\/steildach\\\/\"]}]},{\"@type\":\"ImageObject\",\"inLanguage\":\"de\",\"@id\":\"https:\\\/\\\/sohnle-bedachungen.de\\\/index.php\\\/steildach\\\/#primaryimage\",\"url\":\"https:\\\/\\\/sohnle-bedachungen.de\\\/wp-content\\\/uploads\\\/2025\\\/08\\\/AdobeStock_362390706-scaled-e1755177530537.jpeg\",\"contentUrl\":\"https:\\\/\\\/sohnle-bedachungen.de\\\/wp-content\\\/uploads\\\/2025\\\/08\\\/AdobeStock_362390706-scaled-e1755177530537.jpeg\",\"width\":2500,\"height\":1500,\"caption\":\"Modern house with photovoltaic solar cells on the roof for alternative energy production\"},{\"@type\":\"BreadcrumbList\",\"@id\":\"https:\\\/\\\/sohnle-bedachungen.de\\\/index.php\\\/steildach\\\/#breadcrumb\",\"itemListElement\":[{\"@type\":\"ListItem\",\"position\":1,\"name\":\"Startseite\",\"item\":\"https:\\\/\\\/sohnle-bedachungen.de\\\/\"},{\"@type\":\"ListItem\",\"position\":2,\"name\":\"Steildach\"}]},{\"@type\":\"WebSite\",\"@id\":\"https:\\\/\\\/sohnle-bedachungen.de\\\/#website\",\"url\":\"https:\\\/\\\/sohnle-bedachungen.de\\\/\",\"name\":\"\",\"description\":\"\",\"potentialAction\":[{\"@type\":\"SearchAction\",\"target\":{\"@type\":\"EntryPoint\",\"urlTemplate\":\"https:\\\/\\\/sohnle-bedachungen.de\\\/?s={search_term_string}\"},\"query-input\":{\"@type\":\"PropertyValueSpecification\",\"valueRequired\":true,\"valueName\":\"search_term_string\"}}],\"inLanguage\":\"de\"}]}<\/script>\n<!-- \/ Yoast SEO plugin. -->","yoast_head_json":{"title":"Steildach -","robots":{"index":"index","follow":"follow","max-snippet":"max-snippet:-1","max-image-preview":"max-image-preview:large","max-video-preview":"max-video-preview:-1"},"canonical":"https:\/\/sohnle-bedachungen.de\/index.php\/steildach\/","og_locale":"de_DE","og_type":"article","og_title":"Steildach -","og_description":"Steild\u00e4cher in WHV &amp; FRI \u2013 klassisch, modern, langlebig Das Steildach ist der Klassiker unter den Dachformen und \u00fcberzeugt durch seine Langlebigkeit und optische Vielfalt. Als Dachdecker-Meisterbetrieb in [Ort] bieten wir Ihnen alles \u2013 von der Neueindeckung \u00fcber die Dachsanierung bis hin zu individuellen Umbauma\u00dfnahmen. Wir verarbeiten hochwertige Betondachsteine und Tonziegel aller namhaften Hersteller und [&hellip;]","og_url":"https:\/\/sohnle-bedachungen.de\/index.php\/steildach\/","article_modified_time":"2025-08-14T13:35:37+00:00","og_image":[{"width":2500,"height":1500,"url":"https:\/\/sohnle-bedachungen.de\/wp-content\/uploads\/2025\/08\/AdobeStock_362390706-scaled-e1755177530537.jpeg","type":"image\/jpeg"}],"twitter_card":"summary_large_image","twitter_misc":{"Gesch\u00e4tzte Lesezeit":"1\u00a0Minute"},"schema":{"@context":"https:\/\/schema.org","@graph":[{"@type":"WebPage","@id":"https:\/\/sohnle-bedachungen.de\/index.php\/steildach\/","url":"https:\/\/sohnle-bedachungen.de\/index.php\/steildach\/","name":"Steildach -","isPartOf":{"@id":"https:\/\/sohnle-bedachungen.de\/#website"},"primaryImageOfPage":{"@id":"https:\/\/sohnle-bedachungen.de\/index.php\/steildach\/#primaryimage"},"image":{"@id":"https:\/\/sohnle-bedachungen.de\/index.php\/steildach\/#primaryimage"},"thumbnailUrl":"https:\/\/sohnle-bedachungen.de\/wp-content\/uploads\/2025\/08\/AdobeStock_362390706-scaled-e1755177530537-1024x614.jpeg","datePublished":"2025-08-12T09:18:59+00:00","dateModified":"2025-08-14T13:35:37+00:00","breadcrumb":{"@id":"https:\/\/sohnle-bedachungen.de\/index.php\/steildach\/#breadcrumb"},"inLanguage":"de","potentialAction":[{"@type":"ReadAction","target":["https:\/\/sohnle-bedachungen.de\/index.php\/steildach\/"]}]},{"@type":"ImageObject","inLanguage":"de","@id":"https:\/\/sohnle-bedachungen.de\/index.php\/steildach\/#primaryimage","url":"https:\/\/sohnle-bedachungen.de\/wp-content\/uploads\/2025\/08\/AdobeStock_362390706-scaled-e1755177530537.jpeg","contentUrl":"https:\/\/sohnle-bedachungen.de\/wp-content\/uploads\/2025\/08\/AdobeStock_362390706-scaled-e1755177530537.jpeg","width":2500,"height":1500,"caption":"Modern house with photovoltaic solar cells on the roof for alternative energy production"},{"@type":"BreadcrumbList","@id":"https:\/\/sohnle-bedachungen.de\/index.php\/steildach\/#breadcrumb","itemListElement":[{"@type":"ListItem","position":1,"name":"Startseite","item":"https:\/\/sohnle-bedachungen.de\/"},{"@type":"ListItem","position":2,"name":"Steildach"}]},{"@type":"WebSite","@id":"https:\/\/sohnle-bedachungen.de\/#website","url":"https:\/\/sohnle-bedachungen.de\/","name":"","description":"","potentialAction":[{"@type":"SearchAction","target":{"@type":"EntryPoint","urlTemplate":"https:\/\/sohnle-bedachungen.de\/?s={search_term_string}"},"query-input":{"@type":"PropertyValueSpecification","valueRequired":true,"valueName":"search_term_string"}}],"inLanguage":"de"}]}},"_links":{"self":[{"href":"https:\/\/sohnle-bedachungen.de\/index.php\/wp-json\/wp\/v2\/pages\/211","targetHints":{"allow":["GET"]}}],"collection":[{"href":"https:\/\/sohnle-bedachungen.de\/index.php\/wp-json\/wp\/v2\/pages"}],"about":[{"href":"https:\/\/sohnle-bedachungen.de\/index.php\/wp-json\/wp\/v2\/types\/page"}],"author":[{"embeddable":true,"href":"https:\/\/sohnle-bedachungen.de\/index.php\/wp-json\/wp\/v2\/users\/1"}],"replies":[{"embeddable":true,"href":"https:\/\/sohnle-bedachungen.de\/index.php\/wp-json\/wp\/v2\/comments?post=211"}],"version-history":[{"count":25,"href":"https:\/\/sohnle-bedachungen.de\/index.php\/wp-json\/wp\/v2\/pages\/211\/revisions"}],"predecessor-version":[{"id":523,"href":"https:\/\/sohnle-bedachungen.de\/index.php\/wp-json\/wp\/v2\/pages\/211\/revisions\/523"}],"wp:attachment":[{"href":"https:\/\/sohnle-bedachungen.de\/index.php\/wp-json\/wp\/v2\/media?parent=211"}],"curies":[{"name":"wp","href":"https:\/\/api.w.org\/{rel}","templated":true}]}}