{"id":258,"date":"2025-08-12T10:36:39","date_gmt":"2025-08-12T10:36:39","guid":{"rendered":"https:\/\/sohnle-bedachungen.de\/?page_id=258"},"modified":"2025-08-14T13:38:27","modified_gmt":"2025-08-14T13:38:27","slug":"fassadenarbeiten","status":"publish","type":"page","link":"https:\/\/sohnle-bedachungen.de\/index.php\/fassadenarbeiten\/","title":{"rendered":"Fassadenarbeiten"},"content":{"rendered":"\t\t<div data-elementor-type=\"wp-page\" data-elementor-id=\"258\" class=\"elementor elementor-258\" data-elementor-post-type=\"page\">\n\t\t\t\t<div class=\"elementor-element elementor-element-f2f8a67 e-flex e-con-boxed e-con e-parent\" data-id=\"f2f8a67\" data-element_type=\"container\" data-e-type=\"container\">\n\t\t\t\t\t<div class=\"e-con-inner\">\n\t\t<div class=\"elementor-element elementor-element-acb500c e-con-full e-flex e-con e-child\" data-id=\"acb500c\" data-element_type=\"container\" data-e-type=\"container\">\n\t\t\t\t<div class=\"elementor-element elementor-element-4946b42 elementor-widget elementor-widget-heading\" data-id=\"4946b42\" data-element_type=\"widget\" data-e-type=\"widget\" data-widget_type=\"heading.default\">\n\t\t\t\t\t<h1 class=\"elementor-heading-title elementor-size-default\">Schutz &amp; Stil f\u00fcr Ihr Geb\u00e4ude<\/h1>\t\t\t\t<\/div>\n\t\t\t\t<div class=\"elementor-element elementor-element-0841d7d elementor-widget elementor-widget-text-editor\" data-id=\"0841d7d\" data-element_type=\"widget\" data-e-type=\"widget\" data-widget_type=\"text-editor.default\">\n\t\t\t\t\t\t\t\t\t<p>Die Fassade ist die Visitenkarte Ihres Hauses \u2013 und sie sch\u00fctzt Ihr Geb\u00e4ude vor Wind, Wetter und Energieverlust. Als erfahrener Dachdecker-Meisterbetrieb \u00fcbernehmen wir <strong>Fassadenarbeiten<\/strong> in [Ort] von der Neugestaltung \u00fcber die W\u00e4rmed\u00e4mmung bis zur Sanierung. Wir verarbeiten hochwertige Fassadenplatten, Naturschiefer und Bleche (Zink, Kupfer, Aluminium) in unserer eigenen Bauklempnerei \u2013 passgenau und langlebig.<\/p>\t\t\t\t\t\t\t\t<\/div>\n\t\t\t\t<div class=\"elementor-element elementor-element-3f2188f elementor-widget elementor-widget-heading\" data-id=\"3f2188f\" data-element_type=\"widget\" data-e-type=\"widget\" data-widget_type=\"heading.default\">\n\t\t\t\t\t<h2 class=\"elementor-heading-title elementor-size-default\">Mehr Wert, bessere D\u00e4mmung, perfekte Verarbeitung<\/h2>\t\t\t\t<\/div>\n\t\t\t\t<div class=\"elementor-element elementor-element-c50289e elementor-widget elementor-widget-text-editor\" data-id=\"c50289e\" data-element_type=\"widget\" data-e-type=\"widget\" data-widget_type=\"text-editor.default\">\n\t\t\t\t\t\t\t\t\t<p>Eine neue oder sanierte Fassade wertet Ihr Geb\u00e4ude nicht nur optisch auf, sondern verbessert auch die W\u00e4rmed\u00e4mmung, senkt Energiekosten und steigert den Immobilienwert. In unserer hauseigenen Bauklempnerei fertigen wir millimetergenaue Blechverkleidungen und Fassadenelemente \u2013 f\u00fcr h\u00f6chste Qualit\u00e4t, perfekte Passform und eine langlebige Fassade.<\/p>\t\t\t\t\t\t\t\t<\/div>\n\t\t\t\t<\/div>\n\t\t<div class=\"elementor-element elementor-element-0cc625e e-con-full e-flex e-con e-child\" data-id=\"0cc625e\" data-element_type=\"container\" data-e-type=\"container\">\n\t\t\t\t<div class=\"elementor-element elementor-element-bcb2a2e elementor-widget__width-auto elementor-widget-mobile__width-inherit elementor-invisible elementor-widget elementor-widget-image\" data-id=\"bcb2a2e\" data-element_type=\"widget\" data-e-type=\"widget\" data-settings=\"{&quot;_animation&quot;:&quot;rotateInUpLeft&quot;}\" data-widget_type=\"image.default\">\n\t\t\t\t\t\t\t\t\t\t\t\t\t\t\t<img fetchpriority=\"high\" decoding=\"async\" width=\"800\" height=\"816\" src=\"https:\/\/sohnle-bedachungen.de\/wp-content\/uploads\/2025\/08\/about_home02-X6TQUP3.jpg\" class=\"attachment-large size-large wp-image-159\" alt=\"\" srcset=\"https:\/\/sohnle-bedachungen.de\/wp-content\/uploads\/2025\/08\/about_home02-X6TQUP3.jpg 880w, https:\/\/sohnle-bedachungen.de\/wp-content\/uploads\/2025\/08\/about_home02-X6TQUP3-294x300.jpg 294w, https:\/\/sohnle-bedachungen.de\/wp-content\/uploads\/2025\/08\/about_home02-X6TQUP3-768x784.jpg 768w\" sizes=\"(max-width: 800px) 100vw, 800px\" \/>\t\t\t\t\t\t\t\t\t\t\t\t\t\t\t<\/div>\n\t\t\t\t<div class=\"elementor-element elementor-element-b0c57c0 elementor-widget__width-auto elementor-widget-mobile__width-initial elementor-absolute elementor-hidden-mobile elementor-invisible elementor-widget elementor-widget-image\" data-id=\"b0c57c0\" data-element_type=\"widget\" data-e-type=\"widget\" data-settings=\"{&quot;_position&quot;:&quot;absolute&quot;,&quot;_animation&quot;:&quot;rotateInUpRight&quot;}\" data-widget_type=\"image.default\">\n\t\t\t\t\t\t\t\t\t\t\t\t\t\t\t<img decoding=\"async\" width=\"758\" height=\"600\" src=\"https:\/\/sohnle-bedachungen.de\/wp-content\/uploads\/2025\/08\/about_home02-W4DRAR3.jpg\" class=\"attachment-large size-large wp-image-162\" alt=\"\" srcset=\"https:\/\/sohnle-bedachungen.de\/wp-content\/uploads\/2025\/08\/about_home02-W4DRAR3.jpg 758w, https:\/\/sohnle-bedachungen.de\/wp-content\/uploads\/2025\/08\/about_home02-W4DRAR3-300x237.jpg 300w\" sizes=\"(max-width: 758px) 100vw, 758px\" \/>\t\t\t\t\t\t\t\t\t\t\t\t\t\t\t<\/div>\n\t\t\t\t<\/div>\n\t\t\t\t\t<\/div>\n\t\t\t\t<\/div>\n\t\t<div class=\"elementor-element elementor-element-4bb40a9 e-flex e-con-boxed e-con e-parent\" data-id=\"4bb40a9\" data-element_type=\"container\" data-e-type=\"container\" data-settings=\"{&quot;background_background&quot;:&quot;classic&quot;}\">\n\t\t\t\t\t<div class=\"e-con-inner\">\n\t\t<div class=\"elementor-element elementor-element-e46e883 e-con-full e-flex e-con e-child\" data-id=\"e46e883\" data-element_type=\"container\" data-e-type=\"container\">\n\t\t<div class=\"elementor-element elementor-element-eaea928 e-flex e-con-boxed e-con e-child\" data-id=\"eaea928\" data-element_type=\"container\" data-e-type=\"container\">\n\t\t\t\t\t<div class=\"e-con-inner\">\n\t\t\t\t<div class=\"elementor-element elementor-element-01d37b9 elementor-widget elementor-widget-heading\" data-id=\"01d37b9\" data-element_type=\"widget\" data-e-type=\"widget\" data-widget_type=\"heading.default\">\n\t\t\t\t\t<h2 class=\"elementor-heading-title elementor-size-default\">Unsere Leistungen im Fassadenbau<\/h2>\t\t\t\t<\/div>\n\t\t\t\t\t<\/div>\n\t\t\t\t<\/div>\n\t\t<div class=\"elementor-element elementor-element-0d6754c e-con-full e-flex e-con e-child\" data-id=\"0d6754c\" data-element_type=\"container\" data-e-type=\"container\">\n\t\t<div class=\"elementor-element elementor-element-8e4ce5d animated-slow e-con-full e-flex elementor-invisible e-con e-child\" data-id=\"8e4ce5d\" data-element_type=\"container\" data-e-type=\"container\" data-settings=\"{&quot;background_background&quot;:&quot;classic&quot;,&quot;animation&quot;:&quot;zoomIn&quot;}\">\n\t\t\t\t<div class=\"elementor-element elementor-element-e00e2d9 elementor-widget elementor-widget-heading\" data-id=\"e00e2d9\" data-element_type=\"widget\" data-e-type=\"widget\" data-widget_type=\"heading.default\">\n\t\t\t\t\t<h4 class=\"elementor-heading-title elementor-size-default\">Fassadensanierung<\/h4>\t\t\t\t<\/div>\n\t\t\t\t<div class=\"elementor-element elementor-element-2d77eed elementor-widget elementor-widget-heading\" data-id=\"2d77eed\" data-element_type=\"widget\" data-e-type=\"widget\" data-widget_type=\"heading.default\">\n\t\t\t\t\t<h4 class=\"elementor-heading-title elementor-size-default\">optische Aufwertung &amp; W\u00e4rmeschutz<\/h4>\t\t\t\t<\/div>\n\t\t\t\t<\/div>\n\t\t<div class=\"elementor-element elementor-element-f923586 animated-slow e-con-full e-flex elementor-invisible e-con e-child\" data-id=\"f923586\" data-element_type=\"container\" data-e-type=\"container\" data-settings=\"{&quot;background_background&quot;:&quot;classic&quot;,&quot;animation&quot;:&quot;zoomIn&quot;}\">\n\t\t\t\t<div class=\"elementor-element elementor-element-77bd922 elementor-widget elementor-widget-heading\" data-id=\"77bd922\" data-element_type=\"widget\" data-e-type=\"widget\" data-widget_type=\"heading.default\">\n\t\t\t\t\t<h4 class=\"elementor-heading-title elementor-size-default\">W\u00e4rmed\u00e4mmung<\/h4>\t\t\t\t<\/div>\n\t\t\t\t<div class=\"elementor-element elementor-element-4790eb5 elementor-widget elementor-widget-heading\" data-id=\"4790eb5\" data-element_type=\"widget\" data-e-type=\"widget\" data-widget_type=\"heading.default\">\n\t\t\t\t\t<h4 class=\"elementor-heading-title elementor-size-default\">energieeffizient nach EnEV oder KfW<\/h4>\t\t\t\t<\/div>\n\t\t\t\t<\/div>\n\t\t<div class=\"elementor-element elementor-element-5bb42e1 animated-slow e-con-full e-flex elementor-invisible e-con e-child\" data-id=\"5bb42e1\" data-element_type=\"container\" data-e-type=\"container\" data-settings=\"{&quot;background_background&quot;:&quot;classic&quot;,&quot;animation&quot;:&quot;zoomIn&quot;}\">\n\t\t\t\t<div class=\"elementor-element elementor-element-04a750e elementor-widget elementor-widget-heading\" data-id=\"04a750e\" data-element_type=\"widget\" data-e-type=\"widget\" data-widget_type=\"heading.default\">\n\t\t\t\t\t<h4 class=\"elementor-heading-title elementor-size-default\">Blechverkleidungen <\/h4>\t\t\t\t<\/div>\n\t\t\t\t<div class=\"elementor-element elementor-element-1cdb406 elementor-widget elementor-widget-heading\" data-id=\"1cdb406\" data-element_type=\"widget\" data-e-type=\"widget\" data-widget_type=\"heading.default\">\n\t\t\t\t\t<h4 class=\"elementor-heading-title elementor-size-default\">modern, pflegeleicht &amp; langlebig<\/h4>\t\t\t\t<\/div>\n\t\t\t\t<\/div>\n\t\t<div class=\"elementor-element elementor-element-455258b animated-slow e-con-full e-flex elementor-invisible e-con e-child\" data-id=\"455258b\" data-element_type=\"container\" data-e-type=\"container\" data-settings=\"{&quot;background_background&quot;:&quot;classic&quot;,&quot;animation&quot;:&quot;zoomIn&quot;}\">\n\t\t\t\t<div class=\"elementor-element elementor-element-ecedd6b elementor-widget elementor-widget-heading\" data-id=\"ecedd6b\" data-element_type=\"widget\" data-e-type=\"widget\" data-widget_type=\"heading.default\">\n\t\t\t\t\t<h4 class=\"elementor-heading-title elementor-size-default\">Individuelle Gestaltung <\/h4>\t\t\t\t<\/div>\n\t\t\t\t<div class=\"elementor-element elementor-element-48c724a elementor-widget elementor-widget-heading\" data-id=\"48c724a\" data-element_type=\"widget\" data-e-type=\"widget\" data-widget_type=\"heading.default\">\n\t\t\t\t\t<h4 class=\"elementor-heading-title elementor-size-default\">auf Ihre Architektur abgestimmt<\/h4>\t\t\t\t<\/div>\n\t\t\t\t<\/div>\n\t\t\t\t<\/div>\n\t\t\t\t<\/div>\n\t\t\t\t\t<\/div>\n\t\t\t\t<\/div>\n\t\t<div class=\"elementor-element elementor-element-6b12265 e-flex e-con-boxed e-con e-parent\" data-id=\"6b12265\" data-element_type=\"container\" data-e-type=\"container\" data-settings=\"{&quot;background_background&quot;:&quot;classic&quot;}\">\n\t\t\t\t\t<div class=\"e-con-inner\">\n\t\t<div class=\"elementor-element elementor-element-ed729f1 e-flex e-con-boxed e-con e-child\" data-id=\"ed729f1\" data-element_type=\"container\" data-e-type=\"container\">\n\t\t\t\t\t<div class=\"e-con-inner\">\n\t\t<div class=\"elementor-element elementor-element-792853f e-con-full e-flex e-con e-child\" data-id=\"792853f\" data-element_type=\"container\" data-e-type=\"container\">\n\t\t\t\t<div class=\"elementor-element elementor-element-f72d32c elementor-widget elementor-widget-heading\" data-id=\"f72d32c\" data-element_type=\"widget\" data-e-type=\"widget\" data-widget_type=\"heading.default\">\n\t\t\t\t\t<h3 class=\"elementor-heading-title elementor-size-default\">Ihr Fassadenprojekt starten\n<\/h3>\t\t\t\t<\/div>\n\t\t\t\t<div class=\"elementor-element elementor-element-95969c3 elementor-widget elementor-widget-text-editor\" data-id=\"95969c3\" data-element_type=\"widget\" data-e-type=\"widget\" data-widget_type=\"text-editor.default\">\n\t\t\t\t\t\t\t\t\t<p>Egal, ob Sanierung oder Neubau \u2013 wir setzen Ihre Fassadenarbeiten zuverl\u00e4ssig und termingerecht um.<\/p>\t\t\t\t\t\t\t\t<\/div>\n\t\t\t\t<div class=\"elementor-element elementor-element-5efaa07 elementor-align-center elementor-widget elementor-widget-elementskit-button\" data-id=\"5efaa07\" data-element_type=\"widget\" data-e-type=\"widget\" data-widget_type=\"elementskit-button.default\">\n\t\t\t\t\t<div class=\"ekit-wid-con\" >\t\t<div class=\"ekit-btn-wraper\">\n\t\t\t\t\t\t\t<a href=\"#kontakt\" class=\"elementskit-btn  whitespace--normal\" id=\"\">\n\t\t\t\t\tJetzt beraten lassen\t\t\t\t<\/a>\n\t\t\t\t\t<\/div>\n        <\/div>\t\t\t\t<\/div>\n\t\t\t\t<\/div>\n\t\t\t\t\t<\/div>\n\t\t\t\t<\/div>\n\t\t\t\t\t<\/div>\n\t\t\t\t<\/div>\n\t\t\t\t<\/div>\n\t\t\n    <div class=\"xs_social_share_widget xs_share_url after_content \t\tmain_content  wslu-style-1 wslu-share-box-shaped wslu-fill-colored wslu-none wslu-share-horizontal wslu-theme-font-no wslu-main_content\">\n\n\t\t\n        <ul>\n\t\t\t        <\/ul>\n    <\/div> \n","protected":false},"excerpt":{"rendered":"<p>Schutz &amp; Stil f\u00fcr Ihr Geb\u00e4ude Die Fassade ist die Visitenkarte Ihres Hauses \u2013 und sie sch\u00fctzt Ihr Geb\u00e4ude vor Wind, Wetter und Energieverlust. Als erfahrener Dachdecker-Meisterbetrieb \u00fcbernehmen wir Fassadenarbeiten in [Ort] von der Neugestaltung \u00fcber die W\u00e4rmed\u00e4mmung bis zur Sanierung. Wir verarbeiten hochwertige Fassadenplatten, Naturschiefer und Bleche (Zink, Kupfer, Aluminium) in unserer eigenen Bauklempnerei [&hellip;]<\/p>\n","protected":false},"author":1,"featured_media":0,"parent":0,"menu_order":0,"comment_status":"closed","ping_status":"closed","template":"","meta":{"postBodyCss":"","postBodyMargin":[],"postBodyPadding":[],"postBodyBackground":{"backgroundType":"classic","gradient":""},"footnotes":""},"class_list":["post-258","page","type-page","status-publish","hentry"],"yoast_head":"<!-- This site is optimized with the Yoast SEO plugin v27.4 - https:\/\/yoast.com\/product\/yoast-seo-wordpress\/ -->\n<title>Fassadenarbeiten -<\/title>\n<meta name=\"robots\" content=\"index, follow, max-snippet:-1, max-image-preview:large, max-video-preview:-1\" \/>\n<link rel=\"canonical\" href=\"https:\/\/sohnle-bedachungen.de\/index.php\/fassadenarbeiten\/\" \/>\n<meta property=\"og:locale\" content=\"de_DE\" \/>\n<meta property=\"og:type\" content=\"article\" \/>\n<meta property=\"og:title\" content=\"Fassadenarbeiten -\" \/>\n<meta property=\"og:description\" content=\"Schutz &amp; Stil f\u00fcr Ihr Geb\u00e4ude Die Fassade ist die Visitenkarte Ihres Hauses \u2013 und sie sch\u00fctzt Ihr Geb\u00e4ude vor Wind, Wetter und Energieverlust. Als erfahrener Dachdecker-Meisterbetrieb \u00fcbernehmen wir Fassadenarbeiten in [Ort] von der Neugestaltung \u00fcber die W\u00e4rmed\u00e4mmung bis zur Sanierung. Wir verarbeiten hochwertige Fassadenplatten, Naturschiefer und Bleche (Zink, Kupfer, Aluminium) in unserer eigenen Bauklempnerei [&hellip;]\" \/>\n<meta property=\"og:url\" content=\"https:\/\/sohnle-bedachungen.de\/index.php\/fassadenarbeiten\/\" \/>\n<meta property=\"article:modified_time\" content=\"2025-08-14T13:38:27+00:00\" \/>\n<meta property=\"og:image\" content=\"https:\/\/sohnle-bedachungen.de\/wp-content\/uploads\/2025\/08\/about_home02-X6TQUP3.jpg\" \/>\n\t<meta property=\"og:image:width\" content=\"880\" \/>\n\t<meta property=\"og:image:height\" content=\"898\" \/>\n\t<meta property=\"og:image:type\" content=\"image\/jpeg\" \/>\n<meta name=\"twitter:card\" content=\"summary_large_image\" \/>\n<meta name=\"twitter:label1\" content=\"Gesch\u00e4tzte Lesezeit\" \/>\n\t<meta name=\"twitter:data1\" content=\"1\u00a0Minute\" \/>\n<script type=\"application\/ld+json\" class=\"yoast-schema-graph\">{\"@context\":\"https:\\\/\\\/schema.org\",\"@graph\":[{\"@type\":\"WebPage\",\"@id\":\"https:\\\/\\\/sohnle-bedachungen.de\\\/index.php\\\/fassadenarbeiten\\\/\",\"url\":\"https:\\\/\\\/sohnle-bedachungen.de\\\/index.php\\\/fassadenarbeiten\\\/\",\"name\":\"Fassadenarbeiten -\",\"isPartOf\":{\"@id\":\"https:\\\/\\\/sohnle-bedachungen.de\\\/#website\"},\"primaryImageOfPage\":{\"@id\":\"https:\\\/\\\/sohnle-bedachungen.de\\\/index.php\\\/fassadenarbeiten\\\/#primaryimage\"},\"image\":{\"@id\":\"https:\\\/\\\/sohnle-bedachungen.de\\\/index.php\\\/fassadenarbeiten\\\/#primaryimage\"},\"thumbnailUrl\":\"https:\\\/\\\/sohnle-bedachungen.de\\\/wp-content\\\/uploads\\\/2025\\\/08\\\/about_home02-X6TQUP3.jpg\",\"datePublished\":\"2025-08-12T10:36:39+00:00\",\"dateModified\":\"2025-08-14T13:38:27+00:00\",\"breadcrumb\":{\"@id\":\"https:\\\/\\\/sohnle-bedachungen.de\\\/index.php\\\/fassadenarbeiten\\\/#breadcrumb\"},\"inLanguage\":\"de\",\"potentialAction\":[{\"@type\":\"ReadAction\",\"target\":[\"https:\\\/\\\/sohnle-bedachungen.de\\\/index.php\\\/fassadenarbeiten\\\/\"]}]},{\"@type\":\"ImageObject\",\"inLanguage\":\"de\",\"@id\":\"https:\\\/\\\/sohnle-bedachungen.de\\\/index.php\\\/fassadenarbeiten\\\/#primaryimage\",\"url\":\"https:\\\/\\\/sohnle-bedachungen.de\\\/wp-content\\\/uploads\\\/2025\\\/08\\\/about_home02-X6TQUP3.jpg\",\"contentUrl\":\"https:\\\/\\\/sohnle-bedachungen.de\\\/wp-content\\\/uploads\\\/2025\\\/08\\\/about_home02-X6TQUP3.jpg\",\"width\":880,\"height\":898},{\"@type\":\"BreadcrumbList\",\"@id\":\"https:\\\/\\\/sohnle-bedachungen.de\\\/index.php\\\/fassadenarbeiten\\\/#breadcrumb\",\"itemListElement\":[{\"@type\":\"ListItem\",\"position\":1,\"name\":\"Startseite\",\"item\":\"https:\\\/\\\/sohnle-bedachungen.de\\\/\"},{\"@type\":\"ListItem\",\"position\":2,\"name\":\"Fassadenarbeiten\"}]},{\"@type\":\"WebSite\",\"@id\":\"https:\\\/\\\/sohnle-bedachungen.de\\\/#website\",\"url\":\"https:\\\/\\\/sohnle-bedachungen.de\\\/\",\"name\":\"\",\"description\":\"\",\"potentialAction\":[{\"@type\":\"SearchAction\",\"target\":{\"@type\":\"EntryPoint\",\"urlTemplate\":\"https:\\\/\\\/sohnle-bedachungen.de\\\/?s={search_term_string}\"},\"query-input\":{\"@type\":\"PropertyValueSpecification\",\"valueRequired\":true,\"valueName\":\"search_term_string\"}}],\"inLanguage\":\"de\"}]}<\/script>\n<!-- \/ Yoast SEO plugin. -->","yoast_head_json":{"title":"Fassadenarbeiten -","robots":{"index":"index","follow":"follow","max-snippet":"max-snippet:-1","max-image-preview":"max-image-preview:large","max-video-preview":"max-video-preview:-1"},"canonical":"https:\/\/sohnle-bedachungen.de\/index.php\/fassadenarbeiten\/","og_locale":"de_DE","og_type":"article","og_title":"Fassadenarbeiten -","og_description":"Schutz &amp; Stil f\u00fcr Ihr Geb\u00e4ude Die Fassade ist die Visitenkarte Ihres Hauses \u2013 und sie sch\u00fctzt Ihr Geb\u00e4ude vor Wind, Wetter und Energieverlust. Als erfahrener Dachdecker-Meisterbetrieb \u00fcbernehmen wir Fassadenarbeiten in [Ort] von der Neugestaltung \u00fcber die W\u00e4rmed\u00e4mmung bis zur Sanierung. Wir verarbeiten hochwertige Fassadenplatten, Naturschiefer und Bleche (Zink, Kupfer, Aluminium) in unserer eigenen Bauklempnerei [&hellip;]","og_url":"https:\/\/sohnle-bedachungen.de\/index.php\/fassadenarbeiten\/","article_modified_time":"2025-08-14T13:38:27+00:00","og_image":[{"width":880,"height":898,"url":"https:\/\/sohnle-bedachungen.de\/wp-content\/uploads\/2025\/08\/about_home02-X6TQUP3.jpg","type":"image\/jpeg"}],"twitter_card":"summary_large_image","twitter_misc":{"Gesch\u00e4tzte Lesezeit":"1\u00a0Minute"},"schema":{"@context":"https:\/\/schema.org","@graph":[{"@type":"WebPage","@id":"https:\/\/sohnle-bedachungen.de\/index.php\/fassadenarbeiten\/","url":"https:\/\/sohnle-bedachungen.de\/index.php\/fassadenarbeiten\/","name":"Fassadenarbeiten -","isPartOf":{"@id":"https:\/\/sohnle-bedachungen.de\/#website"},"primaryImageOfPage":{"@id":"https:\/\/sohnle-bedachungen.de\/index.php\/fassadenarbeiten\/#primaryimage"},"image":{"@id":"https:\/\/sohnle-bedachungen.de\/index.php\/fassadenarbeiten\/#primaryimage"},"thumbnailUrl":"https:\/\/sohnle-bedachungen.de\/wp-content\/uploads\/2025\/08\/about_home02-X6TQUP3.jpg","datePublished":"2025-08-12T10:36:39+00:00","dateModified":"2025-08-14T13:38:27+00:00","breadcrumb":{"@id":"https:\/\/sohnle-bedachungen.de\/index.php\/fassadenarbeiten\/#breadcrumb"},"inLanguage":"de","potentialAction":[{"@type":"ReadAction","target":["https:\/\/sohnle-bedachungen.de\/index.php\/fassadenarbeiten\/"]}]},{"@type":"ImageObject","inLanguage":"de","@id":"https:\/\/sohnle-bedachungen.de\/index.php\/fassadenarbeiten\/#primaryimage","url":"https:\/\/sohnle-bedachungen.de\/wp-content\/uploads\/2025\/08\/about_home02-X6TQUP3.jpg","contentUrl":"https:\/\/sohnle-bedachungen.de\/wp-content\/uploads\/2025\/08\/about_home02-X6TQUP3.jpg","width":880,"height":898},{"@type":"BreadcrumbList","@id":"https:\/\/sohnle-bedachungen.de\/index.php\/fassadenarbeiten\/#breadcrumb","itemListElement":[{"@type":"ListItem","position":1,"name":"Startseite","item":"https:\/\/sohnle-bedachungen.de\/"},{"@type":"ListItem","position":2,"name":"Fassadenarbeiten"}]},{"@type":"WebSite","@id":"https:\/\/sohnle-bedachungen.de\/#website","url":"https:\/\/sohnle-bedachungen.de\/","name":"","description":"","potentialAction":[{"@type":"SearchAction","target":{"@type":"EntryPoint","urlTemplate":"https:\/\/sohnle-bedachungen.de\/?s={search_term_string}"},"query-input":{"@type":"PropertyValueSpecification","valueRequired":true,"valueName":"search_term_string"}}],"inLanguage":"de"}]}},"_links":{"self":[{"href":"https:\/\/sohnle-bedachungen.de\/index.php\/wp-json\/wp\/v2\/pages\/258","targetHints":{"allow":["GET"]}}],"collection":[{"href":"https:\/\/sohnle-bedachungen.de\/index.php\/wp-json\/wp\/v2\/pages"}],"about":[{"href":"https:\/\/sohnle-bedachungen.de\/index.php\/wp-json\/wp\/v2\/types\/page"}],"author":[{"embeddable":true,"href":"https:\/\/sohnle-bedachungen.de\/index.php\/wp-json\/wp\/v2\/users\/1"}],"replies":[{"embeddable":true,"href":"https:\/\/sohnle-bedachungen.de\/index.php\/wp-json\/wp\/v2\/comments?post=258"}],"version-history":[{"count":16,"href":"https:\/\/sohnle-bedachungen.de\/index.php\/wp-json\/wp\/v2\/pages\/258\/revisions"}],"predecessor-version":[{"id":535,"href":"https:\/\/sohnle-bedachungen.de\/index.php\/wp-json\/wp\/v2\/pages\/258\/revisions\/535"}],"wp:attachment":[{"href":"https:\/\/sohnle-bedachungen.de\/index.php\/wp-json\/wp\/v2\/media?parent=258"}],"curies":[{"name":"wp","href":"https:\/\/api.w.org\/{rel}","templated":true}]}}