{"id":260,"date":"2025-08-12T10:37:16","date_gmt":"2025-08-12T10:37:16","guid":{"rendered":"https:\/\/sohnle-bedachungen.de\/?page_id=260"},"modified":"2025-08-14T13:25:15","modified_gmt":"2025-08-14T13:25:15","slug":"reparaturen","status":"publish","type":"page","link":"https:\/\/sohnle-bedachungen.de\/index.php\/reparaturen\/","title":{"rendered":"Reparaturen"},"content":{"rendered":"\t\t<div data-elementor-type=\"wp-page\" data-elementor-id=\"260\" class=\"elementor elementor-260\" data-elementor-post-type=\"page\">\n\t\t\t\t<div class=\"elementor-element elementor-element-d0be594 e-flex e-con-boxed e-con e-parent\" data-id=\"d0be594\" data-element_type=\"container\" data-e-type=\"container\">\n\t\t\t\t\t<div class=\"e-con-inner\">\n\t\t<div class=\"elementor-element elementor-element-ca709ef e-con-full e-flex e-con e-child\" data-id=\"ca709ef\" data-element_type=\"container\" data-e-type=\"container\">\n\t\t\t\t<div class=\"elementor-element elementor-element-7cbf38c elementor-widget__width-auto animated-slow elementor-hidden-tablet_extra elementor-hidden-tablet elementor-hidden-mobile_extra elementor-hidden-mobile elementor-invisible elementor-widget elementor-widget-image\" data-id=\"7cbf38c\" data-element_type=\"widget\" data-e-type=\"widget\" data-settings=\"{&quot;_animation&quot;:&quot;zoomIn&quot;}\" data-widget_type=\"image.default\">\n\t\t\t\t\t\t\t\t\t\t\t\t\t\t\t<img fetchpriority=\"high\" decoding=\"async\" width=\"800\" height=\"534\" src=\"https:\/\/sohnle-bedachungen.de\/wp-content\/uploads\/2025\/08\/AdobeStock_313853632-1024x683.jpeg\" class=\"attachment-large size-large wp-image-388\" alt=\"\" srcset=\"https:\/\/sohnle-bedachungen.de\/wp-content\/uploads\/2025\/08\/AdobeStock_313853632-1024x683.jpeg 1024w, https:\/\/sohnle-bedachungen.de\/wp-content\/uploads\/2025\/08\/AdobeStock_313853632-300x200.jpeg 300w, https:\/\/sohnle-bedachungen.de\/wp-content\/uploads\/2025\/08\/AdobeStock_313853632-768x512.jpeg 768w, https:\/\/sohnle-bedachungen.de\/wp-content\/uploads\/2025\/08\/AdobeStock_313853632-1536x1024.jpeg 1536w, https:\/\/sohnle-bedachungen.de\/wp-content\/uploads\/2025\/08\/AdobeStock_313853632-2048x1365.jpeg 2048w\" sizes=\"(max-width: 800px) 100vw, 800px\" \/>\t\t\t\t\t\t\t\t\t\t\t\t\t\t\t<\/div>\n\t\t\t\t<div class=\"elementor-element elementor-element-3a5dcf1 elementor-widget__width-auto elementor-absolute animated-slow elementor-hidden-tablet_extra elementor-hidden-tablet elementor-hidden-mobile_extra elementor-hidden-mobile elementor-invisible elementor-widget elementor-widget-image\" data-id=\"3a5dcf1\" data-element_type=\"widget\" data-e-type=\"widget\" data-settings=\"{&quot;_position&quot;:&quot;absolute&quot;,&quot;_animation&quot;:&quot;zoomIn&quot;}\" data-widget_type=\"image.default\">\n\t\t\t\t\t\t\t\t\t\t\t\t\t\t\t<img decoding=\"async\" width=\"800\" height=\"534\" src=\"https:\/\/sohnle-bedachungen.de\/wp-content\/uploads\/2025\/08\/AdobeStock_572074391-1024x683.jpeg\" class=\"attachment-large size-large wp-image-390\" alt=\"\" srcset=\"https:\/\/sohnle-bedachungen.de\/wp-content\/uploads\/2025\/08\/AdobeStock_572074391-1024x683.jpeg 1024w, https:\/\/sohnle-bedachungen.de\/wp-content\/uploads\/2025\/08\/AdobeStock_572074391-300x200.jpeg 300w, https:\/\/sohnle-bedachungen.de\/wp-content\/uploads\/2025\/08\/AdobeStock_572074391-768x512.jpeg 768w, https:\/\/sohnle-bedachungen.de\/wp-content\/uploads\/2025\/08\/AdobeStock_572074391-1536x1024.jpeg 1536w, https:\/\/sohnle-bedachungen.de\/wp-content\/uploads\/2025\/08\/AdobeStock_572074391-2048x1365.jpeg 2048w\" sizes=\"(max-width: 800px) 100vw, 800px\" \/>\t\t\t\t\t\t\t\t\t\t\t\t\t\t\t<\/div>\n\t\t\t\t<\/div>\n\t\t<div class=\"elementor-element elementor-element-9e41c7b e-con-full e-flex e-con e-child\" data-id=\"9e41c7b\" data-element_type=\"container\" data-e-type=\"container\">\n\t\t\t\t<div class=\"elementor-element elementor-element-07c0634 elementor-widget elementor-widget-heading\" data-id=\"07c0634\" data-element_type=\"widget\" data-e-type=\"widget\" data-widget_type=\"heading.default\">\n\t\t\t\t\t<h1 class=\"elementor-heading-title elementor-size-default\">Reparaturarbeiten \u2013 schnelle Hilfe, wenn es drauf ankommt<\/h1>\t\t\t\t<\/div>\n\t\t\t\t<div class=\"elementor-element elementor-element-27c0437 elementor-widget elementor-widget-text-editor\" data-id=\"27c0437\" data-element_type=\"widget\" data-e-type=\"widget\" data-widget_type=\"text-editor.default\">\n\t\t\t\t\t\t\t\t\t<p>Ein Schaden am Dach kommt selten gelegen \u2013 und meistens zum falschen Zeitpunkt. Ob nach einem Sturm, durch jahrelange Abnutzung oder wegen einer undichten Stelle: Wenn Wasser seinen Weg findet, z\u00e4hlt jede Stunde. Als erfahrener <strong data-start=\"661\" data-end=\"699\">Dachdecker-Meisterbetrieb in Wilhelmshaven<\/strong>\u00a0reagieren wir schnell, zuverl\u00e4ssig und mit dem richtigen Fachwissen. Unser Ziel: Ihr Dach oder Ihre Fassade so instand setzen, dass es nicht nur kurzfristig dicht ist, sondern langfristig h\u00e4lt.<\/p>\t\t\t\t\t\t\t\t<\/div>\n\t\t\t\t<div class=\"elementor-element elementor-element-124b266 elementor-widget elementor-widget-heading\" data-id=\"124b266\" data-element_type=\"widget\" data-e-type=\"widget\" data-widget_type=\"heading.default\">\n\t\t\t\t\t<h2 class=\"elementor-heading-title elementor-size-default\">Von kleinen Sch\u00e4den bis zur kompletten Instandsetzung<\/h2>\t\t\t\t<\/div>\n\t\t\t\t<div class=\"elementor-element elementor-element-16cbd04 elementor-widget elementor-widget-text-editor\" data-id=\"16cbd04\" data-element_type=\"widget\" data-e-type=\"widget\" data-widget_type=\"text-editor.default\">\n\t\t\t\t\t\t\t\t\t<p>Jedes Dach erz\u00e4hlt eine Geschichte \u2013 und manchmal ist diese von Hagelk\u00f6rnern, Sturmboen oder schleichenden Sch\u00e4den gepr\u00e4gt. Wir k\u00fcmmern uns um <strong data-start=\"1112\" data-end=\"1133\">gebrochene Ziegel<\/strong>, <strong data-start=\"1135\" data-end=\"1159\">undichte Dachfenster<\/strong>, <strong data-start=\"1161\" data-end=\"1183\">defekte Dachrinnen<\/strong>, <strong data-start=\"1185\" data-end=\"1217\">korrodierte Blechabdeckungen<\/strong> oder <strong data-start=\"1223\" data-end=\"1252\">besch\u00e4digte Fassadenteile<\/strong>. Auch eine nachtr\u00e4gliche <strong data-start=\"1278\" data-end=\"1294\">W\u00e4rmed\u00e4mmung<\/strong> von Dachboden oder oberster Geschossdecke kann Teil der Reparatur sein, um Ihr Haus nicht nur wetterfest, sondern auch energieeffizient zu machen. Dabei setzen wir auf hochwertige Materialien und pr\u00e4zise Handwerksarbeit \u2013 egal ob es um eine schnelle Notreparatur oder eine umfassende Sanierung geht.<\/p>\t\t\t\t\t\t\t\t<\/div>\n\t\t\t\t<\/div>\n\t\t\t\t\t<\/div>\n\t\t\t\t<\/div>\n\t\t<div class=\"elementor-element elementor-element-8533d20 e-con-full e-flex e-con e-parent\" data-id=\"8533d20\" data-element_type=\"container\" data-e-type=\"container\" data-settings=\"{&quot;background_background&quot;:&quot;classic&quot;}\">\n\t\t<div class=\"elementor-element elementor-element-32d3e2e e-con-full e-flex e-con e-child\" data-id=\"32d3e2e\" data-element_type=\"container\" data-e-type=\"container\" data-settings=\"{&quot;background_background&quot;:&quot;classic&quot;}\">\n\t\t<div class=\"elementor-element elementor-element-1db8235 e-con-full e-flex e-con e-child\" data-id=\"1db8235\" data-element_type=\"container\" data-e-type=\"container\">\n\t\t<div class=\"elementor-element elementor-element-1e87d26 e-con-full e-flex e-con e-child\" data-id=\"1e87d26\" data-element_type=\"container\" data-e-type=\"container\">\n\t\t\t\t<div class=\"elementor-element elementor-element-82916d0 elementor-widget elementor-widget-heading\" data-id=\"82916d0\" data-element_type=\"widget\" data-e-type=\"widget\" data-widget_type=\"heading.default\">\n\t\t\t\t\t<h2 class=\"elementor-heading-title elementor-size-default\">Ihr Schaden \u2013 unsere Aufgabe\n\n<\/h2>\t\t\t\t<\/div>\n\t\t\t\t<div class=\"elementor-element elementor-element-0f3f81d elementor-widget elementor-widget-text-editor\" data-id=\"0f3f81d\" data-element_type=\"widget\" data-e-type=\"widget\" data-widget_type=\"text-editor.default\">\n\t\t\t\t\t\t\t\t\t<p>Ob pl\u00f6tzlich oder schleichend: Wenn Ihr Dach oder Ihre Fassade Probleme macht, sind wir zur Stelle. Rufen Sie uns an oder schreiben Sie uns \u2013 wir sorgen daf\u00fcr, dass Ihr Haus schnell wieder bestens gesch\u00fctzt ist.<\/p>\t\t\t\t\t\t\t\t<\/div>\n\t\t\t\t<div class=\"elementor-element elementor-element-d9d7116 elementor-align-center elementor-widget elementor-widget-elementskit-button\" data-id=\"d9d7116\" data-element_type=\"widget\" data-e-type=\"widget\" data-widget_type=\"elementskit-button.default\">\n\t\t\t\t\t<div class=\"ekit-wid-con\" >\t\t<div class=\"ekit-btn-wraper\">\n\t\t\t\t\t\t\t<a href=\"#\" class=\"elementskit-btn  whitespace--normal\" id=\"\">\n\t\t\t\t\tJetzt Kontakt aufnehmen\t\t\t\t<\/a>\n\t\t\t\t\t<\/div>\n        <\/div>\t\t\t\t<\/div>\n\t\t\t\t<\/div>\n\t\t\t\t<div class=\"elementor-element elementor-element-c87d54e elementor-widget elementor-widget-elementskit-faq\" data-id=\"c87d54e\" data-element_type=\"widget\" data-e-type=\"widget\" data-widget_type=\"elementskit-faq.default\">\n\t\t\t\t\t<div class=\"ekit-wid-con\" >\n                <div class=\"elementskit-single-faq elementor-repeater-item-05353c0\">\n            <div class=\"elementskit-faq-header\">\n                <h2 class=\"elementskit-faq-title\">Flexibel vor Ort \u2013 dank eigener Werkstatt und modernem Fuhrpark<\/h2>\n            <\/div>\n            <div class=\"elementskit-faq-body\">\n                Manche Sch\u00e4den dulden keinen Aufschub. Dank unserer eigenen Bauklempnerei und einem gut ausgestatteten Maschinenpark k\u00f6nnen wir viele Probleme direkt beim ersten Termin beheben. Arbeitskran, Aufz\u00fcge und die passende Ausr\u00fcstung sorgen daf\u00fcr, dass wir sicher und effizient arbeiten \u2013 selbst an schwer zug\u00e4nglichen Stellen.            <\/div>\n        <\/div>\n                <div class=\"elementskit-single-faq elementor-repeater-item-95eceeb\">\n            <div class=\"elementskit-faq-header\">\n                <h2 class=\"elementskit-faq-title\">Vorsorge statt Dauereinsatz<\/h2>\n            <\/div>\n            <div class=\"elementskit-faq-body\">\n                Ein repariertes Dach ist gut \u2013 ein dauerhaft intaktes Dach ist besser. Deshalb empfehlen wir regelm\u00e4\u00dfige Wartungen. So entdecken wir kleine M\u00e4ngel, bevor sie zu kostspieligen Sch\u00e4den werden. Unsere Wartungsvertr\u00e4ge sind flexibel gestaltet und richten sich ganz nach Ihrem Geb\u00e4ude und Ihren Anforderungen.            <\/div>\n        <\/div>\n                                <script type=\"application\/ld+json\">{\"@context\":\"https:\/\/schema.org\",\"@type\":\"FAQPage\",\"mainEntity\":[{\"@type\":\"Question\",\"name\":\"Flexibel vor Ort \u2013 dank eigener Werkstatt und modernem Fuhrpark\",\"acceptedAnswer\":{\"@type\":\"Answer\",\"text\":\"Manche Sch\u00e4den dulden keinen Aufschub. Dank unserer eigenen Bauklempnerei und einem gut ausgestatteten Maschinenpark k\u00f6nnen wir viele Probleme direkt beim ersten Termin beheben. Arbeitskran, Aufz\u00fcge und die passende Ausr\u00fcstung sorgen daf\u00fcr, dass wir sicher und effizient arbeiten \u2013 selbst an schwer zug\u00e4nglichen Stellen.\"}},{\"@type\":\"Question\",\"name\":\"Vorsorge statt Dauereinsatz\",\"acceptedAnswer\":{\"@type\":\"Answer\",\"text\":\"Ein repariertes Dach ist gut \u2013 ein dauerhaft intaktes Dach ist besser. Deshalb empfehlen wir regelm\u00e4\u00dfige Wartungen. So entdecken wir kleine M\u00e4ngel, bevor sie zu kostspieligen Sch\u00e4den werden. Unsere Wartungsvertr\u00e4ge sind flexibel gestaltet und richten sich ganz nach Ihrem Geb\u00e4ude und Ihren Anforderungen.\"}}]}<\/script>\n                \n    <\/div>\t\t\t\t<\/div>\n\t\t\t\t<\/div>\n\t\t\t\t<\/div>\n\t\t\t\t<\/div>\n\t\t\t\t<\/div>\n\t\t\n    <div class=\"xs_social_share_widget xs_share_url after_content \t\tmain_content  wslu-style-1 wslu-share-box-shaped wslu-fill-colored wslu-none wslu-share-horizontal wslu-theme-font-no wslu-main_content\">\n\n\t\t\n        <ul>\n\t\t\t        <\/ul>\n    <\/div> \n","protected":false},"excerpt":{"rendered":"<p>Reparaturarbeiten \u2013 schnelle Hilfe, wenn es drauf ankommt Ein Schaden am Dach kommt selten gelegen \u2013 und meistens zum falschen Zeitpunkt. Ob nach einem Sturm, durch jahrelange Abnutzung oder wegen einer undichten Stelle: Wenn Wasser seinen Weg findet, z\u00e4hlt jede Stunde. Als erfahrener Dachdecker-Meisterbetrieb in Wilhelmshaven\u00a0reagieren wir schnell, zuverl\u00e4ssig und mit dem richtigen Fachwissen. Unser [&hellip;]<\/p>\n","protected":false},"author":1,"featured_media":0,"parent":0,"menu_order":0,"comment_status":"closed","ping_status":"closed","template":"","meta":{"postBodyCss":"","postBodyMargin":[],"postBodyPadding":[],"postBodyBackground":{"backgroundType":"classic","gradient":""},"footnotes":""},"class_list":["post-260","page","type-page","status-publish","hentry"],"yoast_head":"<!-- This site is optimized with the Yoast SEO plugin v27.4 - https:\/\/yoast.com\/product\/yoast-seo-wordpress\/ -->\n<title>Reparaturen -<\/title>\n<meta name=\"robots\" content=\"index, follow, max-snippet:-1, max-image-preview:large, max-video-preview:-1\" \/>\n<link rel=\"canonical\" href=\"https:\/\/sohnle-bedachungen.de\/index.php\/reparaturen\/\" \/>\n<meta property=\"og:locale\" content=\"de_DE\" \/>\n<meta property=\"og:type\" content=\"article\" \/>\n<meta property=\"og:title\" content=\"Reparaturen -\" \/>\n<meta property=\"og:description\" content=\"Reparaturarbeiten \u2013 schnelle Hilfe, wenn es drauf ankommt Ein Schaden am Dach kommt selten gelegen \u2013 und meistens zum falschen Zeitpunkt. Ob nach einem Sturm, durch jahrelange Abnutzung oder wegen einer undichten Stelle: Wenn Wasser seinen Weg findet, z\u00e4hlt jede Stunde. Als erfahrener Dachdecker-Meisterbetrieb in Wilhelmshaven\u00a0reagieren wir schnell, zuverl\u00e4ssig und mit dem richtigen Fachwissen. Unser [&hellip;]\" \/>\n<meta property=\"og:url\" content=\"https:\/\/sohnle-bedachungen.de\/index.php\/reparaturen\/\" \/>\n<meta property=\"article:modified_time\" content=\"2025-08-14T13:25:15+00:00\" \/>\n<meta property=\"og:image\" content=\"https:\/\/sohnle-bedachungen.de\/wp-content\/uploads\/2025\/08\/AdobeStock_313853632-scaled.jpeg\" \/>\n\t<meta property=\"og:image:width\" content=\"2560\" \/>\n\t<meta property=\"og:image:height\" content=\"1707\" \/>\n\t<meta property=\"og:image:type\" content=\"image\/jpeg\" \/>\n<meta name=\"twitter:card\" content=\"summary_large_image\" \/>\n<meta name=\"twitter:label1\" content=\"Gesch\u00e4tzte Lesezeit\" \/>\n\t<meta name=\"twitter:data1\" content=\"2\u00a0Minuten\" \/>\n<script type=\"application\/ld+json\" class=\"yoast-schema-graph\">{\"@context\":\"https:\\\/\\\/schema.org\",\"@graph\":[{\"@type\":\"WebPage\",\"@id\":\"https:\\\/\\\/sohnle-bedachungen.de\\\/index.php\\\/reparaturen\\\/\",\"url\":\"https:\\\/\\\/sohnle-bedachungen.de\\\/index.php\\\/reparaturen\\\/\",\"name\":\"Reparaturen -\",\"isPartOf\":{\"@id\":\"https:\\\/\\\/sohnle-bedachungen.de\\\/#website\"},\"primaryImageOfPage\":{\"@id\":\"https:\\\/\\\/sohnle-bedachungen.de\\\/index.php\\\/reparaturen\\\/#primaryimage\"},\"image\":{\"@id\":\"https:\\\/\\\/sohnle-bedachungen.de\\\/index.php\\\/reparaturen\\\/#primaryimage\"},\"thumbnailUrl\":\"https:\\\/\\\/sohnle-bedachungen.de\\\/wp-content\\\/uploads\\\/2025\\\/08\\\/AdobeStock_313853632-1024x683.jpeg\",\"datePublished\":\"2025-08-12T10:37:16+00:00\",\"dateModified\":\"2025-08-14T13:25:15+00:00\",\"breadcrumb\":{\"@id\":\"https:\\\/\\\/sohnle-bedachungen.de\\\/index.php\\\/reparaturen\\\/#breadcrumb\"},\"inLanguage\":\"de\",\"potentialAction\":[{\"@type\":\"ReadAction\",\"target\":[\"https:\\\/\\\/sohnle-bedachungen.de\\\/index.php\\\/reparaturen\\\/\"]}]},{\"@type\":\"ImageObject\",\"inLanguage\":\"de\",\"@id\":\"https:\\\/\\\/sohnle-bedachungen.de\\\/index.php\\\/reparaturen\\\/#primaryimage\",\"url\":\"https:\\\/\\\/sohnle-bedachungen.de\\\/wp-content\\\/uploads\\\/2025\\\/08\\\/AdobeStock_313853632-scaled.jpeg\",\"contentUrl\":\"https:\\\/\\\/sohnle-bedachungen.de\\\/wp-content\\\/uploads\\\/2025\\\/08\\\/AdobeStock_313853632-scaled.jpeg\",\"width\":2560,\"height\":1707,\"caption\":\"Close up view on asphalt shingles on a roof with hammer,nails and stationery knife.\"},{\"@type\":\"BreadcrumbList\",\"@id\":\"https:\\\/\\\/sohnle-bedachungen.de\\\/index.php\\\/reparaturen\\\/#breadcrumb\",\"itemListElement\":[{\"@type\":\"ListItem\",\"position\":1,\"name\":\"Startseite\",\"item\":\"https:\\\/\\\/sohnle-bedachungen.de\\\/\"},{\"@type\":\"ListItem\",\"position\":2,\"name\":\"Reparaturen\"}]},{\"@type\":\"WebSite\",\"@id\":\"https:\\\/\\\/sohnle-bedachungen.de\\\/#website\",\"url\":\"https:\\\/\\\/sohnle-bedachungen.de\\\/\",\"name\":\"\",\"description\":\"\",\"potentialAction\":[{\"@type\":\"SearchAction\",\"target\":{\"@type\":\"EntryPoint\",\"urlTemplate\":\"https:\\\/\\\/sohnle-bedachungen.de\\\/?s={search_term_string}\"},\"query-input\":{\"@type\":\"PropertyValueSpecification\",\"valueRequired\":true,\"valueName\":\"search_term_string\"}}],\"inLanguage\":\"de\"}]}<\/script>\n<!-- \/ Yoast SEO plugin. -->","yoast_head_json":{"title":"Reparaturen -","robots":{"index":"index","follow":"follow","max-snippet":"max-snippet:-1","max-image-preview":"max-image-preview:large","max-video-preview":"max-video-preview:-1"},"canonical":"https:\/\/sohnle-bedachungen.de\/index.php\/reparaturen\/","og_locale":"de_DE","og_type":"article","og_title":"Reparaturen -","og_description":"Reparaturarbeiten \u2013 schnelle Hilfe, wenn es drauf ankommt Ein Schaden am Dach kommt selten gelegen \u2013 und meistens zum falschen Zeitpunkt. Ob nach einem Sturm, durch jahrelange Abnutzung oder wegen einer undichten Stelle: Wenn Wasser seinen Weg findet, z\u00e4hlt jede Stunde. Als erfahrener Dachdecker-Meisterbetrieb in Wilhelmshaven\u00a0reagieren wir schnell, zuverl\u00e4ssig und mit dem richtigen Fachwissen. Unser [&hellip;]","og_url":"https:\/\/sohnle-bedachungen.de\/index.php\/reparaturen\/","article_modified_time":"2025-08-14T13:25:15+00:00","og_image":[{"width":2560,"height":1707,"url":"https:\/\/sohnle-bedachungen.de\/wp-content\/uploads\/2025\/08\/AdobeStock_313853632-scaled.jpeg","type":"image\/jpeg"}],"twitter_card":"summary_large_image","twitter_misc":{"Gesch\u00e4tzte Lesezeit":"2\u00a0Minuten"},"schema":{"@context":"https:\/\/schema.org","@graph":[{"@type":"WebPage","@id":"https:\/\/sohnle-bedachungen.de\/index.php\/reparaturen\/","url":"https:\/\/sohnle-bedachungen.de\/index.php\/reparaturen\/","name":"Reparaturen -","isPartOf":{"@id":"https:\/\/sohnle-bedachungen.de\/#website"},"primaryImageOfPage":{"@id":"https:\/\/sohnle-bedachungen.de\/index.php\/reparaturen\/#primaryimage"},"image":{"@id":"https:\/\/sohnle-bedachungen.de\/index.php\/reparaturen\/#primaryimage"},"thumbnailUrl":"https:\/\/sohnle-bedachungen.de\/wp-content\/uploads\/2025\/08\/AdobeStock_313853632-1024x683.jpeg","datePublished":"2025-08-12T10:37:16+00:00","dateModified":"2025-08-14T13:25:15+00:00","breadcrumb":{"@id":"https:\/\/sohnle-bedachungen.de\/index.php\/reparaturen\/#breadcrumb"},"inLanguage":"de","potentialAction":[{"@type":"ReadAction","target":["https:\/\/sohnle-bedachungen.de\/index.php\/reparaturen\/"]}]},{"@type":"ImageObject","inLanguage":"de","@id":"https:\/\/sohnle-bedachungen.de\/index.php\/reparaturen\/#primaryimage","url":"https:\/\/sohnle-bedachungen.de\/wp-content\/uploads\/2025\/08\/AdobeStock_313853632-scaled.jpeg","contentUrl":"https:\/\/sohnle-bedachungen.de\/wp-content\/uploads\/2025\/08\/AdobeStock_313853632-scaled.jpeg","width":2560,"height":1707,"caption":"Close up view on asphalt shingles on a roof with hammer,nails and stationery knife."},{"@type":"BreadcrumbList","@id":"https:\/\/sohnle-bedachungen.de\/index.php\/reparaturen\/#breadcrumb","itemListElement":[{"@type":"ListItem","position":1,"name":"Startseite","item":"https:\/\/sohnle-bedachungen.de\/"},{"@type":"ListItem","position":2,"name":"Reparaturen"}]},{"@type":"WebSite","@id":"https:\/\/sohnle-bedachungen.de\/#website","url":"https:\/\/sohnle-bedachungen.de\/","name":"","description":"","potentialAction":[{"@type":"SearchAction","target":{"@type":"EntryPoint","urlTemplate":"https:\/\/sohnle-bedachungen.de\/?s={search_term_string}"},"query-input":{"@type":"PropertyValueSpecification","valueRequired":true,"valueName":"search_term_string"}}],"inLanguage":"de"}]}},"_links":{"self":[{"href":"https:\/\/sohnle-bedachungen.de\/index.php\/wp-json\/wp\/v2\/pages\/260","targetHints":{"allow":["GET"]}}],"collection":[{"href":"https:\/\/sohnle-bedachungen.de\/index.php\/wp-json\/wp\/v2\/pages"}],"about":[{"href":"https:\/\/sohnle-bedachungen.de\/index.php\/wp-json\/wp\/v2\/types\/page"}],"author":[{"embeddable":true,"href":"https:\/\/sohnle-bedachungen.de\/index.php\/wp-json\/wp\/v2\/users\/1"}],"replies":[{"embeddable":true,"href":"https:\/\/sohnle-bedachungen.de\/index.php\/wp-json\/wp\/v2\/comments?post=260"}],"version-history":[{"count":31,"href":"https:\/\/sohnle-bedachungen.de\/index.php\/wp-json\/wp\/v2\/pages\/260\/revisions"}],"predecessor-version":[{"id":502,"href":"https:\/\/sohnle-bedachungen.de\/index.php\/wp-json\/wp\/v2\/pages\/260\/revisions\/502"}],"wp:attachment":[{"href":"https:\/\/sohnle-bedachungen.de\/index.php\/wp-json\/wp\/v2\/media?parent=260"}],"curies":[{"name":"wp","href":"https:\/\/api.w.org\/{rel}","templated":true}]}}